{"id":50642,"date":"2023-12-12T12:36:04","date_gmt":"2023-12-12T11:36:04","guid":{"rendered":"https:\/\/pet-shopping.de\/shop\/produkt\/karlie-kolibri-halsband-blau-20-mm-57-cm\/"},"modified":"2023-12-12T12:36:04","modified_gmt":"2023-12-12T11:36:04","slug":"karlie-kolibri-halsband-blau-20-mm-57-cm","status":"publish","type":"product","link":"https:\/\/all-pets.de\/shop\/produkt\/karlie-kolibri-halsband-blau-20-mm-57-cm\/","title":{"rendered":"Karlie KOLIBRI Halsband &#8211; Blau &#8211; 20 mm, 57 cm"},"content":{"rendered":"<p>Das KOLIBRI Halsband von Karlie besteht aus echtem, schwarz eingef\u00e4rbtem Leder und ist mit verchromten Beschl\u00e4gen best\u00fcckt.<\/p>\n<p> Es ist durch ein dreieckiges Halstuch im altbew\u00e4hrten Karo-Stil verziert. So wird Ihr Liebling sicher zum Hingucker bei jedem gemeinsamen Spaziergang!\u00a0<\/p>\n","protected":false},"excerpt":{"rendered":"<p>Das KOLIBRI Halsband von Karlie besteht aus echtem, schwarz eingef\u00e4rbtem Leder und ist mit verchromten Beschl\u00e4gen best\u00fcckt. Es ist durch ein dreieckiges Halstuch im altbew\u00e4hrten Karo-Stil verziert. So wird Ihr Liebling sicher zum Hingucker bei jedem gemeinsamen Spaziergang!\u00a0<\/p>\n","protected":false},"featured_media":6823,"comment_status":"closed","ping_status":"open","template":"","meta":[],"product_cat":[13790],"product_tag":[],"class_list":{"0":"post-50642","1":"product","2":"type-product","3":"status-publish","4":"has-post-thumbnail","6":"product_cat-lederhalsbaender","8":"first","9":"instock","10":"taxable","11":"shipping-taxable","12":"purchasable","13":"product-type-simple"},"_links":{"self":[{"href":"https:\/\/all-pets.de\/shop\/wp-json\/wp\/v2\/product\/50642","targetHints":{"allow":["GET"]}}],"collection":[{"href":"https:\/\/all-pets.de\/shop\/wp-json\/wp\/v2\/product"}],"about":[{"href":"https:\/\/all-pets.de\/shop\/wp-json\/wp\/v2\/types\/product"}],"replies":[{"embeddable":true,"href":"https:\/\/all-pets.de\/shop\/wp-json\/wp\/v2\/comments?post=50642"}],"wp:featuredmedia":[{"embeddable":true,"href":"https:\/\/all-pets.de\/shop\/wp-json\/wp\/v2\/media\/6823"}],"wp:attachment":[{"href":"https:\/\/all-pets.de\/shop\/wp-json\/wp\/v2\/media?parent=50642"}],"wp:term":[{"taxonomy":"product_cat","embeddable":true,"href":"https:\/\/all-pets.de\/shop\/wp-json\/wp\/v2\/product_cat?post=50642"},{"taxonomy":"product_tag","embeddable":true,"href":"https:\/\/all-pets.de\/shop\/wp-json\/wp\/v2\/product_tag?post=50642"}],"curies":[{"name":"wp","href":"https:\/\/api.w.org\/{rel}","templated":true}]}}