{"id":50688,"date":"2023-12-12T12:36:10","date_gmt":"2023-12-12T11:36:10","guid":{"rendered":"https:\/\/pet-shopping.de\/shop\/produkt\/karlie-rondo-kurzfuehrer-genietet-schwarz-18-mm-25-cm\/"},"modified":"2023-12-12T12:36:11","modified_gmt":"2023-12-12T11:36:11","slug":"karlie-rondo-kurzfuehrer-genietet-schwarz-18-mm-25-cm","status":"publish","type":"product","link":"https:\/\/all-pets.de\/shop\/produkt\/karlie-rondo-kurzfuehrer-genietet-schwarz-18-mm-25-cm\/","title":{"rendered":"Karlie RONDO Kurzf\u00fchrer genietet &#8211; Schwarz &#8211; 18 mm, 25 cm"},"content":{"rendered":"<div>Die Halsb\u00e4nder, Leinen und Geschirre der RONDO-Produktreihe von Karlie bestehen aus echtem Leder und stammen aus deutscher Herstellung. Genau das macht die RONDO-Artikel besonders strapazierf\u00e4hig und langlebig.\u00a0 <\/div>\n<div> <\/div>\n<p> Dieser Kurzf\u00fchrer besteht aus genietetem Leder. Die Beschl\u00e4ge sind selbstverst\u00e4ndlich verchromt.<\/p>\n<p>Breite: ca. 18 mm<br \/> L\u00e4nge: ca. 25 cm<br \/> Farbe: Schwarz<\/p>\n","protected":false},"excerpt":{"rendered":"<p>Die Halsb\u00e4nder, Leinen und Geschirre der RONDO-Produktreihe von Karlie bestehen aus echtem Leder und stammen aus deutscher Herstellung. Genau das macht die RONDO-Artikel besonders strapazierf\u00e4hig und langlebig.\u00a0 Dieser Kurzf\u00fchrer besteht aus genietetem Leder. Die Beschl\u00e4ge sind selbstverst\u00e4ndlich verchromt. Breite: ca. 18 mm L\u00e4nge: ca. 25 cm Farbe: Schwarz<\/p>\n","protected":false},"featured_media":6946,"comment_status":"closed","ping_status":"open","template":"","meta":[],"product_cat":[15424],"product_tag":[],"class_list":{"0":"post-50688","1":"product","2":"type-product","3":"status-publish","4":"has-post-thumbnail","6":"product_cat-kurzfuehrer","8":"first","9":"instock","10":"taxable","11":"shipping-taxable","12":"purchasable","13":"product-type-simple"},"_links":{"self":[{"href":"https:\/\/all-pets.de\/shop\/wp-json\/wp\/v2\/product\/50688","targetHints":{"allow":["GET"]}}],"collection":[{"href":"https:\/\/all-pets.de\/shop\/wp-json\/wp\/v2\/product"}],"about":[{"href":"https:\/\/all-pets.de\/shop\/wp-json\/wp\/v2\/types\/product"}],"replies":[{"embeddable":true,"href":"https:\/\/all-pets.de\/shop\/wp-json\/wp\/v2\/comments?post=50688"}],"wp:featuredmedia":[{"embeddable":true,"href":"https:\/\/all-pets.de\/shop\/wp-json\/wp\/v2\/media\/6946"}],"wp:attachment":[{"href":"https:\/\/all-pets.de\/shop\/wp-json\/wp\/v2\/media?parent=50688"}],"wp:term":[{"taxonomy":"product_cat","embeddable":true,"href":"https:\/\/all-pets.de\/shop\/wp-json\/wp\/v2\/product_cat?post=50688"},{"taxonomy":"product_tag","embeddable":true,"href":"https:\/\/all-pets.de\/shop\/wp-json\/wp\/v2\/product_tag?post=50688"}],"curies":[{"name":"wp","href":"https:\/\/api.w.org\/{rel}","templated":true}]}}