{"id":50691,"date":"2023-12-12T12:36:10","date_gmt":"2023-12-12T11:36:10","guid":{"rendered":"https:\/\/pet-shopping.de\/shop\/produkt\/karlie-rondo-leine-genaeht-natur-16-mm-200-cm\/"},"modified":"2023-12-12T12:36:11","modified_gmt":"2023-12-12T11:36:11","slug":"karlie-rondo-leine-genaeht-natur-16-mm-200-cm","status":"publish","type":"product","link":"https:\/\/all-pets.de\/shop\/produkt\/karlie-rondo-leine-genaeht-natur-16-mm-200-cm\/","title":{"rendered":"Karlie RONDO Leine gen\u00e4ht &#8211; Natur &#8211; 16 mm, 200 cm"},"content":{"rendered":"<div>Die Halsb\u00e4nder, Leinen und Geschirre der RONDO-Produktreihe von Karlie bestehen aus echtem Leder und stammen aus deutscher Herstellung. Genau das macht die RONDO-Artikel besonders strapazierf\u00e4hig und langlebig. \u00a0<\/div>\n<div>\u00a0<\/div>\n<p> Diese schlichte Lederleine ist gen\u00e4ht und selbstverst\u00e4ndlich mit verchromten Beschl\u00e4gen versehen.<\/p>\n","protected":false},"excerpt":{"rendered":"<p>Die Halsb\u00e4nder, Leinen und Geschirre der RONDO-Produktreihe von Karlie bestehen aus echtem Leder und stammen aus deutscher Herstellung. Genau das macht die RONDO-Artikel besonders strapazierf\u00e4hig und langlebig. \u00a0 \u00a0 Diese schlichte Lederleine ist gen\u00e4ht und selbstverst\u00e4ndlich mit verchromten Beschl\u00e4gen versehen.<\/p>\n","protected":false},"featured_media":6951,"comment_status":"closed","ping_status":"open","template":"","meta":[],"product_cat":[13749],"product_tag":[],"class_list":{"0":"post-50691","1":"product","2":"type-product","3":"status-publish","4":"has-post-thumbnail","6":"product_cat-lederleinen","8":"first","9":"instock","10":"taxable","11":"shipping-taxable","12":"purchasable","13":"product-type-simple"},"_links":{"self":[{"href":"https:\/\/all-pets.de\/shop\/wp-json\/wp\/v2\/product\/50691","targetHints":{"allow":["GET"]}}],"collection":[{"href":"https:\/\/all-pets.de\/shop\/wp-json\/wp\/v2\/product"}],"about":[{"href":"https:\/\/all-pets.de\/shop\/wp-json\/wp\/v2\/types\/product"}],"replies":[{"embeddable":true,"href":"https:\/\/all-pets.de\/shop\/wp-json\/wp\/v2\/comments?post=50691"}],"wp:featuredmedia":[{"embeddable":true,"href":"https:\/\/all-pets.de\/shop\/wp-json\/wp\/v2\/media\/6951"}],"wp:attachment":[{"href":"https:\/\/all-pets.de\/shop\/wp-json\/wp\/v2\/media?parent=50691"}],"wp:term":[{"taxonomy":"product_cat","embeddable":true,"href":"https:\/\/all-pets.de\/shop\/wp-json\/wp\/v2\/product_cat?post=50691"},{"taxonomy":"product_tag","embeddable":true,"href":"https:\/\/all-pets.de\/shop\/wp-json\/wp\/v2\/product_tag?post=50691"}],"curies":[{"name":"wp","href":"https:\/\/api.w.org\/{rel}","templated":true}]}}