{"id":50722,"date":"2023-12-12T12:36:17","date_gmt":"2023-12-12T11:36:17","guid":{"rendered":"https:\/\/pet-shopping.de\/shop\/produkt\/karlie-buffalo-kroko-bueffelleder-halsband-schwarz-40-mm-65-cm\/"},"modified":"2023-12-12T12:36:17","modified_gmt":"2023-12-12T11:36:17","slug":"karlie-buffalo-kroko-bueffelleder-halsband-schwarz-40-mm-65-cm","status":"publish","type":"product","link":"https:\/\/all-pets.de\/shop\/produkt\/karlie-buffalo-kroko-bueffelleder-halsband-schwarz-40-mm-65-cm\/","title":{"rendered":"Karlie BUFFALO KROKO B\u00fcffelleder-Halsband &#8211; Schwarz &#8211; 40 mm, 65 cm"},"content":{"rendered":"<div>Die Leinen und Halsb\u00e4nder der Buffalo-Kroko-Reihe sind mit <strong>superweichem, echtem B\u00fcffelleder unterlegt<\/strong> und bieten Ihrem Hund somit einen ganz besonderen Tragekomfort. Alle Leinen und Halsb\u00e4nder dieser Serie sind handvern\u00e4ht und stammen aus deutscher Herstellung. <\/div>\n<div>\u00a0<\/div>\n<div>Beste Verarbeitung, sowie feinste Materialien machen die Buffalo-Kroko-Reihe strapazierf\u00e4hig, rei\u00dffest und langlebig. Die Beschl\u00e4ge dieser Artikel sind selbstverst\u00e4ndlich verchromt.<\/div>\n<p>Breite: 40 mm<br \/> L\u00e4nge: 65 cm<\/p>\n","protected":false},"excerpt":{"rendered":"<p>Die Leinen und Halsb\u00e4nder der Buffalo-Kroko-Reihe sind mit superweichem, echtem B\u00fcffelleder unterlegt und bieten Ihrem Hund somit einen ganz besonderen Tragekomfort. Alle Leinen und Halsb\u00e4nder dieser Serie sind handvern\u00e4ht und stammen aus deutscher Herstellung. \u00a0 Beste Verarbeitung, sowie feinste Materialien machen die Buffalo-Kroko-Reihe strapazierf\u00e4hig, rei\u00dffest und langlebig. Die Beschl\u00e4ge dieser Artikel sind selbstverst\u00e4ndlich verchromt. Breite: [&hellip;]<\/p>\n","protected":false},"featured_media":7096,"comment_status":"closed","ping_status":"open","template":"","meta":[],"product_cat":[13790],"product_tag":[],"class_list":{"0":"post-50722","1":"product","2":"type-product","3":"status-publish","4":"has-post-thumbnail","6":"product_cat-lederhalsbaender","8":"first","9":"instock","10":"taxable","11":"shipping-taxable","12":"purchasable","13":"product-type-simple"},"_links":{"self":[{"href":"https:\/\/all-pets.de\/shop\/wp-json\/wp\/v2\/product\/50722","targetHints":{"allow":["GET"]}}],"collection":[{"href":"https:\/\/all-pets.de\/shop\/wp-json\/wp\/v2\/product"}],"about":[{"href":"https:\/\/all-pets.de\/shop\/wp-json\/wp\/v2\/types\/product"}],"replies":[{"embeddable":true,"href":"https:\/\/all-pets.de\/shop\/wp-json\/wp\/v2\/comments?post=50722"}],"wp:featuredmedia":[{"embeddable":true,"href":"https:\/\/all-pets.de\/shop\/wp-json\/wp\/v2\/media\/7096"}],"wp:attachment":[{"href":"https:\/\/all-pets.de\/shop\/wp-json\/wp\/v2\/media?parent=50722"}],"wp:term":[{"taxonomy":"product_cat","embeddable":true,"href":"https:\/\/all-pets.de\/shop\/wp-json\/wp\/v2\/product_cat?post=50722"},{"taxonomy":"product_tag","embeddable":true,"href":"https:\/\/all-pets.de\/shop\/wp-json\/wp\/v2\/product_tag?post=50722"}],"curies":[{"name":"wp","href":"https:\/\/api.w.org\/{rel}","templated":true}]}}