{"id":50731,"date":"2023-12-12T12:36:18","date_gmt":"2023-12-12T11:36:18","guid":{"rendered":"https:\/\/pet-shopping.de\/shop\/produkt\/karlie-basic-line-kratzbaum-amethyst-schwarz\/"},"modified":"2023-12-12T12:36:19","modified_gmt":"2023-12-12T11:36:19","slug":"karlie-basic-line-kratzbaum-amethyst-schwarz","status":"publish","type":"product","link":"https:\/\/all-pets.de\/shop\/produkt\/karlie-basic-line-kratzbaum-amethyst-schwarz\/","title":{"rendered":"Karlie BASIC LINE Kratzbaum AMETHYST &#8211; Schwarz"},"content":{"rendered":"<p>Der Karlie Kratzbaum Amethyst besteht aus einer H\u00f6hle, einer Liegeplatte und einem Sisal-Stamm.<\/p>\n<p> Die Platte und die H\u00f6hle, die mit Pl\u00fcsch bezogen sind, und der Sisal-Kratzstamm bieten sowohl einen weichen Schlafplatz, als auch eine gute M\u00f6glichkeit zum Krallensch\u00e4rfen.<\/p>\n<p> Gesamtma\u00dfe: 30 x 30 x 55 cm (BxTxH)<br \/> Stammdurchmesser: ca. 6 cm<\/p>\n","protected":false},"excerpt":{"rendered":"<p>Der Karlie Kratzbaum Amethyst besteht aus einer H\u00f6hle, einer Liegeplatte und einem Sisal-Stamm. Die Platte und die H\u00f6hle, die mit Pl\u00fcsch bezogen sind, und der Sisal-Kratzstamm bieten sowohl einen weichen Schlafplatz, als auch eine gute M\u00f6glichkeit zum Krallensch\u00e4rfen. Gesamtma\u00dfe: 30 x 30 x 55 cm (BxTxH) Stammdurchmesser: ca. 6 cm<\/p>\n","protected":false},"featured_media":7186,"comment_status":"closed","ping_status":"open","template":"","meta":[],"product_cat":[13704],"product_tag":[],"class_list":{"0":"post-50731","1":"product","2":"type-product","3":"status-publish","4":"has-post-thumbnail","6":"product_cat-kratzbaeume-moebel-bis-100-cmkatzenwelt","8":"first","9":"instock","10":"taxable","11":"shipping-taxable","12":"purchasable","13":"product-type-simple"},"_links":{"self":[{"href":"https:\/\/all-pets.de\/shop\/wp-json\/wp\/v2\/product\/50731","targetHints":{"allow":["GET"]}}],"collection":[{"href":"https:\/\/all-pets.de\/shop\/wp-json\/wp\/v2\/product"}],"about":[{"href":"https:\/\/all-pets.de\/shop\/wp-json\/wp\/v2\/types\/product"}],"replies":[{"embeddable":true,"href":"https:\/\/all-pets.de\/shop\/wp-json\/wp\/v2\/comments?post=50731"}],"wp:featuredmedia":[{"embeddable":true,"href":"https:\/\/all-pets.de\/shop\/wp-json\/wp\/v2\/media\/7186"}],"wp:attachment":[{"href":"https:\/\/all-pets.de\/shop\/wp-json\/wp\/v2\/media?parent=50731"}],"wp:term":[{"taxonomy":"product_cat","embeddable":true,"href":"https:\/\/all-pets.de\/shop\/wp-json\/wp\/v2\/product_cat?post=50731"},{"taxonomy":"product_tag","embeddable":true,"href":"https:\/\/all-pets.de\/shop\/wp-json\/wp\/v2\/product_tag?post=50731"}],"curies":[{"name":"wp","href":"https:\/\/api.w.org\/{rel}","templated":true}]}}