{"id":50732,"date":"2023-12-12T12:36:18","date_gmt":"2023-12-12T11:36:18","guid":{"rendered":"https:\/\/pet-shopping.de\/shop\/produkt\/karlie-basic-line-kratzbaum-bella-beige\/"},"modified":"2023-12-12T12:36:19","modified_gmt":"2023-12-12T11:36:19","slug":"karlie-basic-line-kratzbaum-bella-beige","status":"publish","type":"product","link":"https:\/\/all-pets.de\/shop\/produkt\/karlie-basic-line-kratzbaum-bella-beige\/","title":{"rendered":"Karlie BASIC LINE Kratzbaum BELLA &#8211; Beige"},"content":{"rendered":"<p>Der Karlie Kratzbaum BELLA besteht aus einer Bodenplatte und einem Sisal-Stamm.<\/p>\n<p> Die Platte, die mit Pl\u00fcsch bezogen ist, und der Sisal-Kratzstamm, dessen Ende ebenfalls mit Pl\u00fcsch versehen ist, bieten sowohl einen weichen Schlafplatz, als auch eine gute M\u00f6glichkeit zum Krallensch\u00e4rfen.<\/p>\n<p> Gesamtma\u00dfe: 29 x 29 x 39 cm (BxTxH)<br \/> Stammdurchmesser ca. 6 cm<\/p>\n<p>Farbe: Beige <\/p>\n","protected":false},"excerpt":{"rendered":"<p>Der Karlie Kratzbaum BELLA besteht aus einer Bodenplatte und einem Sisal-Stamm. Die Platte, die mit Pl\u00fcsch bezogen ist, und der Sisal-Kratzstamm, dessen Ende ebenfalls mit Pl\u00fcsch versehen ist, bieten sowohl einen weichen Schlafplatz, als auch eine gute M\u00f6glichkeit zum Krallensch\u00e4rfen. Gesamtma\u00dfe: 29 x 29 x 39 cm (BxTxH) Stammdurchmesser ca. 6 cm Farbe: Beige<\/p>\n","protected":false},"featured_media":7196,"comment_status":"closed","ping_status":"open","template":"","meta":[],"product_cat":[13704],"product_tag":[],"class_list":{"0":"post-50732","1":"product","2":"type-product","3":"status-publish","4":"has-post-thumbnail","6":"product_cat-kratzbaeume-moebel-bis-100-cmkatzenwelt","8":"first","9":"instock","10":"taxable","11":"shipping-taxable","12":"purchasable","13":"product-type-simple"},"_links":{"self":[{"href":"https:\/\/all-pets.de\/shop\/wp-json\/wp\/v2\/product\/50732","targetHints":{"allow":["GET"]}}],"collection":[{"href":"https:\/\/all-pets.de\/shop\/wp-json\/wp\/v2\/product"}],"about":[{"href":"https:\/\/all-pets.de\/shop\/wp-json\/wp\/v2\/types\/product"}],"replies":[{"embeddable":true,"href":"https:\/\/all-pets.de\/shop\/wp-json\/wp\/v2\/comments?post=50732"}],"wp:featuredmedia":[{"embeddable":true,"href":"https:\/\/all-pets.de\/shop\/wp-json\/wp\/v2\/media\/7196"}],"wp:attachment":[{"href":"https:\/\/all-pets.de\/shop\/wp-json\/wp\/v2\/media?parent=50732"}],"wp:term":[{"taxonomy":"product_cat","embeddable":true,"href":"https:\/\/all-pets.de\/shop\/wp-json\/wp\/v2\/product_cat?post=50732"},{"taxonomy":"product_tag","embeddable":true,"href":"https:\/\/all-pets.de\/shop\/wp-json\/wp\/v2\/product_tag?post=50732"}],"curies":[{"name":"wp","href":"https:\/\/api.w.org\/{rel}","templated":true}]}}