{"id":50734,"date":"2023-12-12T12:36:20","date_gmt":"2023-12-12T11:36:20","guid":{"rendered":"https:\/\/pet-shopping.de\/shop\/produkt\/karlie-basic-line-kratzbaum-cometa-beige\/"},"modified":"2023-12-12T12:36:20","modified_gmt":"2023-12-12T11:36:20","slug":"karlie-basic-line-kratzbaum-cometa-beige","status":"publish","type":"product","link":"https:\/\/all-pets.de\/shop\/produkt\/karlie-basic-line-kratzbaum-cometa-beige\/","title":{"rendered":"Karlie BASIC LINE Kratzbaum COMETA &#8211; Beige"},"content":{"rendered":"<div>Der Karlie Kratzbaum Cometa besteht aus einer Bodenplatte, 5 Sisal-St\u00e4mmen, 3 Liegeplatten, einer H\u00f6hle und einem Deckenspanner.<\/p>\n<p> Die Platten und die H\u00f6hle sind mit Pl\u00fcsch bezogen und bieten so bequeme Schlafpl\u00e4tze, w\u00e4hrend die Sisal-Kratzst\u00e4mme f\u00fcr eine gute M\u00f6glichkeit zum Krallensch\u00e4rfen sorgen. Durch den Deckenspanner kann der Kratzbaum Cometa in R\u00e4umen mit 233 bis 263 cm Deckenh\u00f6he aufgestellt werden. <\/p>\n<p> Gesamtma\u00dfe: 35 x 35 x 233-263 cm (BxTxH)<\/p><\/div>\n<div>Durchmesser der St\u00e4mme: 9 cm <\/div>\n","protected":false},"excerpt":{"rendered":"<p>Der Karlie Kratzbaum Cometa besteht aus einer Bodenplatte, 5 Sisal-St\u00e4mmen, 3 Liegeplatten, einer H\u00f6hle und einem Deckenspanner. Die Platten und die H\u00f6hle sind mit Pl\u00fcsch bezogen und bieten so bequeme Schlafpl\u00e4tze, w\u00e4hrend die Sisal-Kratzst\u00e4mme f\u00fcr eine gute M\u00f6glichkeit zum Krallensch\u00e4rfen sorgen. Durch den Deckenspanner kann der Kratzbaum Cometa in R\u00e4umen mit 233 bis 263 cm [&hellip;]<\/p>\n","protected":false},"featured_media":7214,"comment_status":"closed","ping_status":"open","template":"","meta":[],"product_cat":[15425],"product_tag":[],"class_list":{"0":"post-50734","1":"product","2":"type-product","3":"status-publish","4":"has-post-thumbnail","6":"product_cat-kratzbaeume-moebel-deckenhohekatzenwelt","8":"first","9":"instock","10":"taxable","11":"shipping-taxable","12":"purchasable","13":"product-type-simple"},"_links":{"self":[{"href":"https:\/\/all-pets.de\/shop\/wp-json\/wp\/v2\/product\/50734","targetHints":{"allow":["GET"]}}],"collection":[{"href":"https:\/\/all-pets.de\/shop\/wp-json\/wp\/v2\/product"}],"about":[{"href":"https:\/\/all-pets.de\/shop\/wp-json\/wp\/v2\/types\/product"}],"replies":[{"embeddable":true,"href":"https:\/\/all-pets.de\/shop\/wp-json\/wp\/v2\/comments?post=50734"}],"wp:featuredmedia":[{"embeddable":true,"href":"https:\/\/all-pets.de\/shop\/wp-json\/wp\/v2\/media\/7214"}],"wp:attachment":[{"href":"https:\/\/all-pets.de\/shop\/wp-json\/wp\/v2\/media?parent=50734"}],"wp:term":[{"taxonomy":"product_cat","embeddable":true,"href":"https:\/\/all-pets.de\/shop\/wp-json\/wp\/v2\/product_cat?post=50734"},{"taxonomy":"product_tag","embeddable":true,"href":"https:\/\/all-pets.de\/shop\/wp-json\/wp\/v2\/product_tag?post=50734"}],"curies":[{"name":"wp","href":"https:\/\/api.w.org\/{rel}","templated":true}]}}