{"id":50738,"date":"2023-12-12T12:36:20","date_gmt":"2023-12-12T11:36:20","guid":{"rendered":"https:\/\/pet-shopping.de\/shop\/produkt\/karlie-basic-line-kratzbaum-smaragd-grau\/"},"modified":"2023-12-12T12:36:21","modified_gmt":"2023-12-12T11:36:21","slug":"karlie-basic-line-kratzbaum-smaragd-grau","status":"publish","type":"product","link":"https:\/\/all-pets.de\/shop\/produkt\/karlie-basic-line-kratzbaum-smaragd-grau\/","title":{"rendered":"Karlie BASIC LINE Kratzbaum SMARAGD &#8211; Grau"},"content":{"rendered":"<p>Der Karlie Kratzbaum Smaragd besteht aus einer H\u00f6hle, zwei Liegeplatten und zwei Sisal-St\u00e4mmen.<br \/> Die Platten und die H\u00f6hle, die mit Pl\u00fcsch bezogen sind, und die Sisal-Kratzst\u00e4mme bieten sowohl einen weichen Schlafplatz, als auch eine gute M\u00f6glichkeit zum Krallensch\u00e4rfen.<\/p>\n<p> Gesamtma\u00dfe: 35 x 35 x 103 cm (BxTxH)<br \/> H\u00f6hle: 35 x 35 x 23 cm <br \/> H\u00f6hleneingang: 18 cm Durchmesser<br \/> Liegefl\u00e4chen: ca. 34 x 34 cm<br \/> Stammdurchmesser: ca. 9 cm<\/p>\n","protected":false},"excerpt":{"rendered":"<p>Der Karlie Kratzbaum Smaragd besteht aus einer H\u00f6hle, zwei Liegeplatten und zwei Sisal-St\u00e4mmen. Die Platten und die H\u00f6hle, die mit Pl\u00fcsch bezogen sind, und die Sisal-Kratzst\u00e4mme bieten sowohl einen weichen Schlafplatz, als auch eine gute M\u00f6glichkeit zum Krallensch\u00e4rfen. Gesamtma\u00dfe: 35 x 35 x 103 cm (BxTxH) H\u00f6hle: 35 x 35 x 23 cm H\u00f6hleneingang: 18 [&hellip;]<\/p>\n","protected":false},"featured_media":5119,"comment_status":"closed","ping_status":"open","template":"","meta":[],"product_cat":[15210],"product_tag":[],"class_list":{"0":"post-50738","1":"product","2":"type-product","3":"status-publish","4":"has-post-thumbnail","6":"product_cat-kratzbaeume-moebel-bis-175-cmkatzenwelt-kratzbaeume-moebel-bis-100-cmkatzenwelt-bis-100-cmkatzenwelt","8":"first","9":"instock","10":"taxable","11":"shipping-taxable","12":"purchasable","13":"product-type-simple"},"_links":{"self":[{"href":"https:\/\/all-pets.de\/shop\/wp-json\/wp\/v2\/product\/50738","targetHints":{"allow":["GET"]}}],"collection":[{"href":"https:\/\/all-pets.de\/shop\/wp-json\/wp\/v2\/product"}],"about":[{"href":"https:\/\/all-pets.de\/shop\/wp-json\/wp\/v2\/types\/product"}],"replies":[{"embeddable":true,"href":"https:\/\/all-pets.de\/shop\/wp-json\/wp\/v2\/comments?post=50738"}],"wp:featuredmedia":[{"embeddable":true,"href":"https:\/\/all-pets.de\/shop\/wp-json\/wp\/v2\/media\/5119"}],"wp:attachment":[{"href":"https:\/\/all-pets.de\/shop\/wp-json\/wp\/v2\/media?parent=50738"}],"wp:term":[{"taxonomy":"product_cat","embeddable":true,"href":"https:\/\/all-pets.de\/shop\/wp-json\/wp\/v2\/product_cat?post=50738"},{"taxonomy":"product_tag","embeddable":true,"href":"https:\/\/all-pets.de\/shop\/wp-json\/wp\/v2\/product_tag?post=50738"}],"curies":[{"name":"wp","href":"https:\/\/api.w.org\/{rel}","templated":true}]}}