{"id":50740,"date":"2023-12-12T12:36:20","date_gmt":"2023-12-12T11:36:20","guid":{"rendered":"https:\/\/pet-shopping.de\/shop\/produkt\/karlie-basic-line-kratzbaum-victoria-grau\/"},"modified":"2023-12-12T12:36:21","modified_gmt":"2023-12-12T11:36:21","slug":"karlie-basic-line-kratzbaum-victoria-grau","status":"publish","type":"product","link":"https:\/\/all-pets.de\/shop\/produkt\/karlie-basic-line-kratzbaum-victoria-grau\/","title":{"rendered":"Karlie BASIC LINE Kratzbaum VICTORIA &#8211; Grau"},"content":{"rendered":"<p>Der Karlie Kratzbaum Victoria besteht aus einer Bodenplatte, 7 Sisal-St\u00e4mmen, 4 Liegeplatten, einer H\u00e4ngematte und zwei R\u00f6hren.<\/p>\n<p> Die Platten und die H\u00f6hle sind mit Pl\u00fcsch bezogen und bieten so bequeme Schlafpl\u00e4tze, w\u00e4hrend die Sisal-Kratzst\u00e4mme f\u00fcr eine gute M\u00f6glichkeit zum Krallensch\u00e4rfen sorgen. Die R\u00f6hre besteht komplett aus Pl\u00fcsch.<\/p>\n<p> Gesamtma\u00dfe: 99 x 57 x 141 cm (BxTxH)<br \/> Bodenplatte: 60 x 57 cm<br \/> unterste Liegeplatte: besteht aus 2 festen Platten (34 x 34 cm), dazwischen eine H\u00e4ngematte (47 x 33 cm)<br \/> mittlere Liegeplatte: 60 x 30,5 cm (H\u00f6he vom Boden aus ca. 80 cm)<br \/> oberste Liegeplatte: 34 x 34 cm<\/p>\n","protected":false},"excerpt":{"rendered":"<p>Der Karlie Kratzbaum Victoria besteht aus einer Bodenplatte, 7 Sisal-St\u00e4mmen, 4 Liegeplatten, einer H\u00e4ngematte und zwei R\u00f6hren. Die Platten und die H\u00f6hle sind mit Pl\u00fcsch bezogen und bieten so bequeme Schlafpl\u00e4tze, w\u00e4hrend die Sisal-Kratzst\u00e4mme f\u00fcr eine gute M\u00f6glichkeit zum Krallensch\u00e4rfen sorgen. Die R\u00f6hre besteht komplett aus Pl\u00fcsch. Gesamtma\u00dfe: 99 x 57 x 141 cm (BxTxH) [&hellip;]<\/p>\n","protected":false},"featured_media":7282,"comment_status":"closed","ping_status":"open","template":"","meta":[],"product_cat":[13784],"product_tag":[],"class_list":{"0":"post-50740","1":"product","2":"type-product","3":"status-publish","4":"has-post-thumbnail","6":"product_cat-kratzbaeume-moebel-bis-175-cmkatzenwelt","8":"first","9":"instock","10":"taxable","11":"shipping-taxable","12":"purchasable","13":"product-type-simple"},"_links":{"self":[{"href":"https:\/\/all-pets.de\/shop\/wp-json\/wp\/v2\/product\/50740","targetHints":{"allow":["GET"]}}],"collection":[{"href":"https:\/\/all-pets.de\/shop\/wp-json\/wp\/v2\/product"}],"about":[{"href":"https:\/\/all-pets.de\/shop\/wp-json\/wp\/v2\/types\/product"}],"replies":[{"embeddable":true,"href":"https:\/\/all-pets.de\/shop\/wp-json\/wp\/v2\/comments?post=50740"}],"wp:featuredmedia":[{"embeddable":true,"href":"https:\/\/all-pets.de\/shop\/wp-json\/wp\/v2\/media\/7282"}],"wp:attachment":[{"href":"https:\/\/all-pets.de\/shop\/wp-json\/wp\/v2\/media?parent=50740"}],"wp:term":[{"taxonomy":"product_cat","embeddable":true,"href":"https:\/\/all-pets.de\/shop\/wp-json\/wp\/v2\/product_cat?post=50740"},{"taxonomy":"product_tag","embeddable":true,"href":"https:\/\/all-pets.de\/shop\/wp-json\/wp\/v2\/product_tag?post=50740"}],"curies":[{"name":"wp","href":"https:\/\/api.w.org\/{rel}","templated":true}]}}