{"id":50741,"date":"2023-12-12T12:36:20","date_gmt":"2023-12-12T11:36:20","guid":{"rendered":"https:\/\/pet-shopping.de\/shop\/produkt\/karlie-basic-line-kratzbaum-viola-beige\/"},"modified":"2023-12-12T12:36:21","modified_gmt":"2023-12-12T11:36:21","slug":"karlie-basic-line-kratzbaum-viola-beige","status":"publish","type":"product","link":"https:\/\/all-pets.de\/shop\/produkt\/karlie-basic-line-kratzbaum-viola-beige\/","title":{"rendered":"Karlie BASIC LINE Kratzbaum VIOLA &#8211; Beige"},"content":{"rendered":"<p>Der Karlie Kratzbaum Viola besteht aus einer H\u00f6hle, 3 Sisal-St\u00e4mmen, zwei Liegeplatten und einer R\u00f6hre.<\/p>\n<p>Die Platten und die H\u00f6hle sind mit Pl\u00fcsch bezogen und bieten so bequeme Schlafpl\u00e4tze, w\u00e4hrend die Sisal-Kratzst\u00e4mme f\u00fcr eine gute M\u00f6glichkeit zum Krallensch\u00e4rfen sorgen. Die R\u00f6hre besteht komplett aus Pl\u00fcsch.<\/p>\n<p>Gesamtma\u00dfe: 35 x 35 x 103 cm (BxTxH)<br \/> H\u00f6hle: 35 x 35 x 23 cm<br \/> H\u00f6hleneingang: 18 cm Durchmesser<br \/> Pl\u00fcschr\u00f6hre: ca. 25 x 20 cm (L\u00e4nge x Durchmesser)<br \/> Stammdurchmesser: ca. 9 cm<\/p>\n","protected":false},"excerpt":{"rendered":"<p>Der Karlie Kratzbaum Viola besteht aus einer H\u00f6hle, 3 Sisal-St\u00e4mmen, zwei Liegeplatten und einer R\u00f6hre. Die Platten und die H\u00f6hle sind mit Pl\u00fcsch bezogen und bieten so bequeme Schlafpl\u00e4tze, w\u00e4hrend die Sisal-Kratzst\u00e4mme f\u00fcr eine gute M\u00f6glichkeit zum Krallensch\u00e4rfen sorgen. Die R\u00f6hre besteht komplett aus Pl\u00fcsch. Gesamtma\u00dfe: 35 x 35 x 103 cm (BxTxH) H\u00f6hle: 35 [&hellip;]<\/p>\n","protected":false},"featured_media":7286,"comment_status":"closed","ping_status":"open","template":"","meta":[],"product_cat":[13784],"product_tag":[],"class_list":{"0":"post-50741","1":"product","2":"type-product","3":"status-publish","4":"has-post-thumbnail","6":"product_cat-kratzbaeume-moebel-bis-175-cmkatzenwelt","8":"first","9":"instock","10":"taxable","11":"shipping-taxable","12":"purchasable","13":"product-type-simple"},"_links":{"self":[{"href":"https:\/\/all-pets.de\/shop\/wp-json\/wp\/v2\/product\/50741","targetHints":{"allow":["GET"]}}],"collection":[{"href":"https:\/\/all-pets.de\/shop\/wp-json\/wp\/v2\/product"}],"about":[{"href":"https:\/\/all-pets.de\/shop\/wp-json\/wp\/v2\/types\/product"}],"replies":[{"embeddable":true,"href":"https:\/\/all-pets.de\/shop\/wp-json\/wp\/v2\/comments?post=50741"}],"wp:featuredmedia":[{"embeddable":true,"href":"https:\/\/all-pets.de\/shop\/wp-json\/wp\/v2\/media\/7286"}],"wp:attachment":[{"href":"https:\/\/all-pets.de\/shop\/wp-json\/wp\/v2\/media?parent=50741"}],"wp:term":[{"taxonomy":"product_cat","embeddable":true,"href":"https:\/\/all-pets.de\/shop\/wp-json\/wp\/v2\/product_cat?post=50741"},{"taxonomy":"product_tag","embeddable":true,"href":"https:\/\/all-pets.de\/shop\/wp-json\/wp\/v2\/product_tag?post=50741"}],"curies":[{"name":"wp","href":"https:\/\/api.w.org\/{rel}","templated":true}]}}