{"id":50745,"date":"2023-12-12T12:36:22","date_gmt":"2023-12-12T11:36:22","guid":{"rendered":"https:\/\/pet-shopping.de\/shop\/produkt\/karlie-easy-bag-kottuetentasche-schwarz-blau\/"},"modified":"2023-12-12T12:36:22","modified_gmt":"2023-12-12T11:36:22","slug":"karlie-easy-bag-kottuetentasche-schwarz-blau","status":"publish","type":"product","link":"https:\/\/all-pets.de\/shop\/produkt\/karlie-easy-bag-kottuetentasche-schwarz-blau\/","title":{"rendered":"Karlie EASY BAG Kott\u00fctentasche &#8211; Schwarz-Blau"},"content":{"rendered":"<p>Praktische Outdoortasche. Passend f\u00fcr jede Hundeleine. Incl. 2 x 20 Stck. XL-Kotbeutel (ca. 40 cm lang). Besonders rei\u00dffest, f\u00fcr eine sichere und hygienische Kotaufnahme.<\/p>\n","protected":false},"excerpt":{"rendered":"<p>Praktische Outdoortasche. Passend f\u00fcr jede Hundeleine. Incl. 2 x 20 Stck. XL-Kotbeutel (ca. 40 cm lang). Besonders rei\u00dffest, f\u00fcr eine sichere und hygienische Kotaufnahme.<\/p>\n","protected":false},"featured_media":7344,"comment_status":"closed","ping_status":"open","template":"","meta":[],"product_cat":[13757],"product_tag":[],"class_list":{"0":"post-50745","1":"product","2":"type-product","3":"status-publish","4":"has-post-thumbnail","6":"product_cat-hundetoiletten-hygiene","8":"first","9":"instock","10":"taxable","11":"shipping-taxable","12":"purchasable","13":"product-type-simple"},"_links":{"self":[{"href":"https:\/\/all-pets.de\/shop\/wp-json\/wp\/v2\/product\/50745","targetHints":{"allow":["GET"]}}],"collection":[{"href":"https:\/\/all-pets.de\/shop\/wp-json\/wp\/v2\/product"}],"about":[{"href":"https:\/\/all-pets.de\/shop\/wp-json\/wp\/v2\/types\/product"}],"replies":[{"embeddable":true,"href":"https:\/\/all-pets.de\/shop\/wp-json\/wp\/v2\/comments?post=50745"}],"wp:featuredmedia":[{"embeddable":true,"href":"https:\/\/all-pets.de\/shop\/wp-json\/wp\/v2\/media\/7344"}],"wp:attachment":[{"href":"https:\/\/all-pets.de\/shop\/wp-json\/wp\/v2\/media?parent=50745"}],"wp:term":[{"taxonomy":"product_cat","embeddable":true,"href":"https:\/\/all-pets.de\/shop\/wp-json\/wp\/v2\/product_cat?post=50745"},{"taxonomy":"product_tag","embeddable":true,"href":"https:\/\/all-pets.de\/shop\/wp-json\/wp\/v2\/product_tag?post=50745"}],"curies":[{"name":"wp","href":"https:\/\/api.w.org\/{rel}","templated":true}]}}