{"id":50750,"date":"2023-12-12T12:36:22","date_gmt":"2023-12-12T11:36:22","guid":{"rendered":"https:\/\/pet-shopping.de\/shop\/produkt\/pet-star-fressnapf-smacky-football-orange\/"},"modified":"2023-12-12T12:36:23","modified_gmt":"2023-12-12T11:36:23","slug":"pet-star-fressnapf-smacky-football-orange","status":"publish","type":"product","link":"https:\/\/all-pets.de\/shop\/produkt\/pet-star-fressnapf-smacky-football-orange\/","title":{"rendered":"Pet-Star Fressnapf SMACKY FOOTBALL &#8211; Orange"},"content":{"rendered":"<p>Gro\u00dfer Fressnapf im poppigen Fu\u00dfball-Design<\/p>\n<p>Gesamtdurchmesser: 25 cm<br \/> Innendurchmesser: 15,5 cm<br \/> Fassungsverm\u00f6gen: 1000 ml<\/p>\n","protected":false},"excerpt":{"rendered":"<p>Gro\u00dfer Fressnapf im poppigen Fu\u00dfball-Design Gesamtdurchmesser: 25 cm Innendurchmesser: 15,5 cm Fassungsverm\u00f6gen: 1000 ml<\/p>\n","protected":false},"featured_media":7633,"comment_status":"closed","ping_status":"open","template":"","meta":[],"product_cat":[14361],"product_tag":[],"class_list":{"0":"post-50750","1":"product","2":"type-product","3":"status-publish","4":"has-post-thumbnail","6":"product_cat-futter-wassernaepfe-hundenaepfe-traenken","8":"first","9":"instock","10":"taxable","11":"shipping-taxable","12":"purchasable","13":"product-type-simple"},"_links":{"self":[{"href":"https:\/\/all-pets.de\/shop\/wp-json\/wp\/v2\/product\/50750","targetHints":{"allow":["GET"]}}],"collection":[{"href":"https:\/\/all-pets.de\/shop\/wp-json\/wp\/v2\/product"}],"about":[{"href":"https:\/\/all-pets.de\/shop\/wp-json\/wp\/v2\/types\/product"}],"replies":[{"embeddable":true,"href":"https:\/\/all-pets.de\/shop\/wp-json\/wp\/v2\/comments?post=50750"}],"wp:featuredmedia":[{"embeddable":true,"href":"https:\/\/all-pets.de\/shop\/wp-json\/wp\/v2\/media\/7633"}],"wp:attachment":[{"href":"https:\/\/all-pets.de\/shop\/wp-json\/wp\/v2\/media?parent=50750"}],"wp:term":[{"taxonomy":"product_cat","embeddable":true,"href":"https:\/\/all-pets.de\/shop\/wp-json\/wp\/v2\/product_cat?post=50750"},{"taxonomy":"product_tag","embeddable":true,"href":"https:\/\/all-pets.de\/shop\/wp-json\/wp\/v2\/product_tag?post=50750"}],"curies":[{"name":"wp","href":"https:\/\/api.w.org\/{rel}","templated":true}]}}