{"id":50755,"date":"2023-12-12T12:36:24","date_gmt":"2023-12-12T11:36:24","guid":{"rendered":"https:\/\/pet-shopping.de\/shop\/produkt\/trixie-kratzbaum-alicante-anthrazit\/"},"modified":"2023-12-12T12:36:24","modified_gmt":"2023-12-12T11:36:24","slug":"trixie-kratzbaum-alicante-anthrazit","status":"publish","type":"product","link":"https:\/\/all-pets.de\/shop\/produkt\/trixie-kratzbaum-alicante-anthrazit\/","title":{"rendered":"Trixie Kratzbaum ALICANTE &#8211; Anthrazit"},"content":{"rendered":"<p>Die Trixie Dream World Kratzb\u00e4ume bieten einen idealen Spiel- und Ruheplatz f\u00fcr Katzen jeden Alters und sch\u00fctzen Ihre M\u00f6bel und Teppiche vor den nat\u00fcrlichen Kratzgewohnheiten Ihres Stubentigers. Die St\u00e4mme der Kratzb\u00e4ume sind mit Natursisal umwickelt, Liegeplatten, Mulden und H\u00f6hlen mit weichem Pl\u00fcsch bezogen.<\/p>\n<p> Der Trixie Dream World Kratzbaum Alicante ist 142 cm hoch. Insgesamt besteht er aus einer Bodenplatte, 6 Sisal-St\u00e4mmen, einer H\u00f6hle und 3 Liegeplatten.<\/p>\n<p> Eine der Liegeplatten, sowie die H\u00f6hle sind komplett mit Pl\u00fcsch ausgestattet. Die Bodenplatte und die H\u00f6hle sind mit h\u00fcbschen Pfotenabdr\u00fccken verziert.<\/p>\n<p> Gesamth\u00f6he: 142 cm <br \/> Bodenplatte: 45 x 45 cm<br \/> St\u00e4mme: 9 cm Durchmesser<br \/> H\u00f6hle: 43 x 32 x 25 cm<br \/> Liegeplatten: <br \/> 1. 40 \/ 25 x30 cm<br \/> 2. 46 \/ 30 x 30 cm<br \/> 3. 38 cm Durchmesser<\/p>\n","protected":false},"excerpt":{"rendered":"<p>Die Trixie Dream World Kratzb\u00e4ume bieten einen idealen Spiel- und Ruheplatz f\u00fcr Katzen jeden Alters und sch\u00fctzen Ihre M\u00f6bel und Teppiche vor den nat\u00fcrlichen Kratzgewohnheiten Ihres Stubentigers. Die St\u00e4mme der Kratzb\u00e4ume sind mit Natursisal umwickelt, Liegeplatten, Mulden und H\u00f6hlen mit weichem Pl\u00fcsch bezogen. Der Trixie Dream World Kratzbaum Alicante ist 142 cm hoch. Insgesamt besteht [&hellip;]<\/p>\n","protected":false},"featured_media":8002,"comment_status":"closed","ping_status":"open","template":"","meta":[],"product_cat":[13784],"product_tag":[],"class_list":{"0":"post-50755","1":"product","2":"type-product","3":"status-publish","4":"has-post-thumbnail","6":"product_cat-kratzbaeume-moebel-bis-175-cmkatzenwelt","8":"first","9":"instock","10":"taxable","11":"shipping-taxable","12":"purchasable","13":"product-type-simple"},"_links":{"self":[{"href":"https:\/\/all-pets.de\/shop\/wp-json\/wp\/v2\/product\/50755","targetHints":{"allow":["GET"]}}],"collection":[{"href":"https:\/\/all-pets.de\/shop\/wp-json\/wp\/v2\/product"}],"about":[{"href":"https:\/\/all-pets.de\/shop\/wp-json\/wp\/v2\/types\/product"}],"replies":[{"embeddable":true,"href":"https:\/\/all-pets.de\/shop\/wp-json\/wp\/v2\/comments?post=50755"}],"wp:featuredmedia":[{"embeddable":true,"href":"https:\/\/all-pets.de\/shop\/wp-json\/wp\/v2\/media\/8002"}],"wp:attachment":[{"href":"https:\/\/all-pets.de\/shop\/wp-json\/wp\/v2\/media?parent=50755"}],"wp:term":[{"taxonomy":"product_cat","embeddable":true,"href":"https:\/\/all-pets.de\/shop\/wp-json\/wp\/v2\/product_cat?post=50755"},{"taxonomy":"product_tag","embeddable":true,"href":"https:\/\/all-pets.de\/shop\/wp-json\/wp\/v2\/product_tag?post=50755"}],"curies":[{"name":"wp","href":"https:\/\/api.w.org\/{rel}","templated":true}]}}