{"id":50757,"date":"2023-12-12T12:36:24","date_gmt":"2023-12-12T11:36:24","guid":{"rendered":"https:\/\/pet-shopping.de\/shop\/produkt\/trixie-kratzbaum-malaga-anthrazit\/"},"modified":"2023-12-12T12:36:24","modified_gmt":"2023-12-12T11:36:24","slug":"trixie-kratzbaum-malaga-anthrazit","status":"publish","type":"product","link":"https:\/\/all-pets.de\/shop\/produkt\/trixie-kratzbaum-malaga-anthrazit\/","title":{"rendered":"Trixie Kratzbaum MALAGA &#8211; Anthrazit"},"content":{"rendered":"<p>Die Trixie Dream World Kratzb\u00e4ume bieten einen idealen Spiel- und Ruheplatz f\u00fcr Katzen jeden Alters und sch\u00fctzen Ihre M\u00f6bel und Teppiche vor den nat\u00fcrlichen Kratzgewohnheiten Ihres Stubentigers. Die St\u00e4mme der Kratzb\u00e4ume sind mit Natursisal umwickelt, Liegeplatten, Mulden und H\u00f6hlen mit weichem Pl\u00fcsch bezogen.<\/p>\n<p>Der Trixie Dream World Kratzbaum Malaga ist 109 cm hoch. Insgesamt besteht er aus einer Bodenplatte, 5 Sisalst\u00e4mmen, 2 Leitern, einer H\u00e4ngematte, 2 H\u00f6hlen und einer Liegeplatte.<\/p>\n<p> Die Liegeplatte, sowie die H\u00f6hlen sind komplett mit Pl\u00fcsch ausgestattet.Die Bodenplatte ist mit einem h\u00fcbschen Pfotenabdruck verziert.<\/p>\n<p> Gesamth\u00f6he: 109 cm<br \/> Bodenplatte: 70 x 45 cm<br \/> St\u00e4mme: 9,5 cm Durchmesser \/ 40 cm L\u00e4nge<br \/> Leitern mit Sisalstufen: 29 x 61 cm<br \/> H\u00e4ngematte: 47 x 30 cm<br \/> H\u00f6hlen: 36 x 26 x 45 cm (komplett mit Fleece ausgestattet)<br \/> Liegeplatte: 36 x 36 cm (vollst\u00e4ndig mit Pl\u00fcsch bezogen<\/p>\n","protected":false},"excerpt":{"rendered":"<p>Die Trixie Dream World Kratzb\u00e4ume bieten einen idealen Spiel- und Ruheplatz f\u00fcr Katzen jeden Alters und sch\u00fctzen Ihre M\u00f6bel und Teppiche vor den nat\u00fcrlichen Kratzgewohnheiten Ihres Stubentigers. Die St\u00e4mme der Kratzb\u00e4ume sind mit Natursisal umwickelt, Liegeplatten, Mulden und H\u00f6hlen mit weichem Pl\u00fcsch bezogen. Der Trixie Dream World Kratzbaum Malaga ist 109 cm hoch. Insgesamt besteht [&hellip;]<\/p>\n","protected":false},"featured_media":8012,"comment_status":"closed","ping_status":"open","template":"","meta":[],"product_cat":[13784],"product_tag":[],"class_list":{"0":"post-50757","1":"product","2":"type-product","3":"status-publish","4":"has-post-thumbnail","6":"product_cat-kratzbaeume-moebel-bis-175-cmkatzenwelt","8":"first","9":"instock","10":"taxable","11":"shipping-taxable","12":"purchasable","13":"product-type-simple"},"_links":{"self":[{"href":"https:\/\/all-pets.de\/shop\/wp-json\/wp\/v2\/product\/50757","targetHints":{"allow":["GET"]}}],"collection":[{"href":"https:\/\/all-pets.de\/shop\/wp-json\/wp\/v2\/product"}],"about":[{"href":"https:\/\/all-pets.de\/shop\/wp-json\/wp\/v2\/types\/product"}],"replies":[{"embeddable":true,"href":"https:\/\/all-pets.de\/shop\/wp-json\/wp\/v2\/comments?post=50757"}],"wp:featuredmedia":[{"embeddable":true,"href":"https:\/\/all-pets.de\/shop\/wp-json\/wp\/v2\/media\/8012"}],"wp:attachment":[{"href":"https:\/\/all-pets.de\/shop\/wp-json\/wp\/v2\/media?parent=50757"}],"wp:term":[{"taxonomy":"product_cat","embeddable":true,"href":"https:\/\/all-pets.de\/shop\/wp-json\/wp\/v2\/product_cat?post=50757"},{"taxonomy":"product_tag","embeddable":true,"href":"https:\/\/all-pets.de\/shop\/wp-json\/wp\/v2\/product_tag?post=50757"}],"curies":[{"name":"wp","href":"https:\/\/api.w.org\/{rel}","templated":true}]}}