{"id":50763,"date":"2023-12-12T12:36:26","date_gmt":"2023-12-12T11:36:26","guid":{"rendered":"https:\/\/pet-shopping.de\/shop\/produkt\/karlie-aqua-action-ball-18-cm\/"},"modified":"2023-12-12T12:36:26","modified_gmt":"2023-12-12T11:36:26","slug":"karlie-aqua-action-ball-18-cm","status":"publish","type":"product","link":"https:\/\/all-pets.de\/shop\/produkt\/karlie-aqua-action-ball-18-cm\/","title":{"rendered":"Karlie AQUA ACTION BALL &#8211; 18 cm"},"content":{"rendered":"<p>KARLIE ACTION BALL &#8211; die Weltneuheit! Von Hundetrainern empfohlen und weltweit patentiert, verbindet diese neue Spielart Mensch und Tier spielerisch \u00fcber Stunden im gemeinsamen Spiel und Spa\u00df. Die besonders artgerechte Konstruktion erm\u00f6glicht jedem Hund ein festes und sicheres Zupacken.Auch der mitspielende Hunde-Besitzer kann den Ball so jeder Zeit schnell greifen. <\/p>\n<p>Aqua-ACTION BALL aus Neopren<br \/> &#8211; Farbe: Schwarz-Gelb<br \/> &#8211; Schwimmf\u00e4hig<br \/> &#8211; Waschbar bei 30\u00b0 C<\/p>\n","protected":false},"excerpt":{"rendered":"<p>KARLIE ACTION BALL &#8211; die Weltneuheit! Von Hundetrainern empfohlen und weltweit patentiert, verbindet diese neue Spielart Mensch und Tier spielerisch \u00fcber Stunden im gemeinsamen Spiel und Spa\u00df. Die besonders artgerechte Konstruktion erm\u00f6glicht jedem Hund ein festes und sicheres Zupacken.Auch der mitspielende Hunde-Besitzer kann den Ball so jeder Zeit schnell greifen. Aqua-ACTION BALL aus Neopren &#8211; [&hellip;]<\/p>\n","protected":false},"featured_media":8109,"comment_status":"closed","ping_status":"open","template":"","meta":[],"product_cat":[13943],"product_tag":[],"class_list":{"0":"post-50763","1":"product","2":"type-product","3":"status-publish","4":"has-post-thumbnail","6":"product_cat-aqua-spielzeug","8":"first","9":"instock","10":"taxable","11":"shipping-taxable","12":"purchasable","13":"product-type-simple"},"_links":{"self":[{"href":"https:\/\/all-pets.de\/shop\/wp-json\/wp\/v2\/product\/50763","targetHints":{"allow":["GET"]}}],"collection":[{"href":"https:\/\/all-pets.de\/shop\/wp-json\/wp\/v2\/product"}],"about":[{"href":"https:\/\/all-pets.de\/shop\/wp-json\/wp\/v2\/types\/product"}],"replies":[{"embeddable":true,"href":"https:\/\/all-pets.de\/shop\/wp-json\/wp\/v2\/comments?post=50763"}],"wp:featuredmedia":[{"embeddable":true,"href":"https:\/\/all-pets.de\/shop\/wp-json\/wp\/v2\/media\/8109"}],"wp:attachment":[{"href":"https:\/\/all-pets.de\/shop\/wp-json\/wp\/v2\/media?parent=50763"}],"wp:term":[{"taxonomy":"product_cat","embeddable":true,"href":"https:\/\/all-pets.de\/shop\/wp-json\/wp\/v2\/product_cat?post=50763"},{"taxonomy":"product_tag","embeddable":true,"href":"https:\/\/all-pets.de\/shop\/wp-json\/wp\/v2\/product_tag?post=50763"}],"curies":[{"name":"wp","href":"https:\/\/api.w.org\/{rel}","templated":true}]}}