{"id":50764,"date":"2023-12-12T12:36:26","date_gmt":"2023-12-12T11:36:26","guid":{"rendered":"https:\/\/pet-shopping.de\/shop\/produkt\/karlie-auto-sicherheitsgurt-xs\/"},"modified":"2023-12-12T12:36:26","modified_gmt":"2023-12-12T11:36:26","slug":"karlie-auto-sicherheitsgurt-xs","status":"publish","type":"product","link":"https:\/\/all-pets.de\/shop\/produkt\/karlie-auto-sicherheitsgurt-xs\/","title":{"rendered":"Karlie Auto-Sicherheitsgurt &#8211; XS"},"content":{"rendered":"<p>Sicherheitsgurt speziell f\u00fcr Hunde, auch als Geschirr einsetzbar. Die einfachste M\u00f6glichkeit Mensch und Tier zu sch\u00fctzen. Mit diesem Hunde-Sicherheitsgurt ist Ihr Tier w\u00e4hren der Autofahrt optimal gesichert. Verhindert ein Herausspringen bei offener T\u00fcr oder Fenster, der Hund sitzt fest angeschnallt an seinem Platz. Mit Safety-Click Verschl\u00fcssen. Das Universal-Gurtschloss ist passend f\u00fcr fast alle Fahrzeugtypen. Das Geschirr ist verstellbar und aus stabilem hautfreundlichem Nylonmaterial. Der Brustgurt ist weich gepolstert. F\u00fcr alle g\u00e4ngigen Fahrzeugtypen (au\u00dfer Volvo). <\/p>\n<p>Farbe: Schwarz<\/p>\n<p> Gr\u00f6\u00dfe XS: Brustumfang ca. 25\u00a0bis 40 cm\u00a0f\u00fcr sehr kleine Hunde (z.B. Yorkshire-Terrier, Chihuahua, Cavalier Spaniels)<\/p>\n<p><\/p>\n","protected":false},"excerpt":{"rendered":"<p>Sicherheitsgurt speziell f\u00fcr Hunde, auch als Geschirr einsetzbar. Die einfachste M\u00f6glichkeit Mensch und Tier zu sch\u00fctzen. Mit diesem Hunde-Sicherheitsgurt ist Ihr Tier w\u00e4hren der Autofahrt optimal gesichert. Verhindert ein Herausspringen bei offener T\u00fcr oder Fenster, der Hund sitzt fest angeschnallt an seinem Platz. Mit Safety-Click Verschl\u00fcssen. Das Universal-Gurtschloss ist passend f\u00fcr fast alle Fahrzeugtypen. Das [&hellip;]<\/p>\n","protected":false},"featured_media":8188,"comment_status":"closed","ping_status":"open","template":"","meta":[],"product_cat":[13691],"product_tag":[],"class_list":{"0":"post-50764","1":"product","2":"type-product","3":"status-publish","4":"has-post-thumbnail","6":"product_cat-autozubehoer","8":"first","9":"instock","10":"taxable","11":"shipping-taxable","12":"purchasable","13":"product-type-simple"},"_links":{"self":[{"href":"https:\/\/all-pets.de\/shop\/wp-json\/wp\/v2\/product\/50764","targetHints":{"allow":["GET"]}}],"collection":[{"href":"https:\/\/all-pets.de\/shop\/wp-json\/wp\/v2\/product"}],"about":[{"href":"https:\/\/all-pets.de\/shop\/wp-json\/wp\/v2\/types\/product"}],"replies":[{"embeddable":true,"href":"https:\/\/all-pets.de\/shop\/wp-json\/wp\/v2\/comments?post=50764"}],"wp:featuredmedia":[{"embeddable":true,"href":"https:\/\/all-pets.de\/shop\/wp-json\/wp\/v2\/media\/8188"}],"wp:attachment":[{"href":"https:\/\/all-pets.de\/shop\/wp-json\/wp\/v2\/media?parent=50764"}],"wp:term":[{"taxonomy":"product_cat","embeddable":true,"href":"https:\/\/all-pets.de\/shop\/wp-json\/wp\/v2\/product_cat?post=50764"},{"taxonomy":"product_tag","embeddable":true,"href":"https:\/\/all-pets.de\/shop\/wp-json\/wp\/v2\/product_tag?post=50764"}],"curies":[{"name":"wp","href":"https:\/\/api.w.org\/{rel}","templated":true}]}}