{"id":50765,"date":"2023-12-12T12:36:26","date_gmt":"2023-12-12T11:36:26","guid":{"rendered":"https:\/\/pet-shopping.de\/shop\/produkt\/karlie-baumrinden-tunnel-m\/"},"modified":"2023-12-12T12:36:26","modified_gmt":"2023-12-12T11:36:26","slug":"karlie-baumrinden-tunnel-m","status":"publish","type":"product","link":"https:\/\/all-pets.de\/shop\/produkt\/karlie-baumrinden-tunnel-m\/","title":{"rendered":"Karlie Baumrinden-Tunnel &#8211; M"},"content":{"rendered":"<p>&#8211; Aus Echtholz<br \/> &#8211; Gr\u00f6\u00dfe: ca. 20 x 15 x 10 cm<\/p>\n<p>Da es sich um ein Naturprodukt handelt, kann die Gr\u00f6\u00dfe entsprechend variieren.<\/p>\n","protected":false},"excerpt":{"rendered":"<p>&#8211; Aus Echtholz &#8211; Gr\u00f6\u00dfe: ca. 20 x 15 x 10 cm Da es sich um ein Naturprodukt handelt, kann die Gr\u00f6\u00dfe entsprechend variieren.<\/p>\n","protected":false},"featured_media":8198,"comment_status":"closed","ping_status":"open","template":"","meta":[],"product_cat":[14284],"product_tag":[],"class_list":{"0":"post-50765","1":"product","2":"type-product","3":"status-publish","4":"has-post-thumbnail","6":"product_cat-tunnel-hoehlen-bruecken-ausstattung-zubehoer-kleintierwelt","8":"first","9":"instock","10":"taxable","11":"shipping-taxable","12":"purchasable","13":"product-type-simple"},"_links":{"self":[{"href":"https:\/\/all-pets.de\/shop\/wp-json\/wp\/v2\/product\/50765","targetHints":{"allow":["GET"]}}],"collection":[{"href":"https:\/\/all-pets.de\/shop\/wp-json\/wp\/v2\/product"}],"about":[{"href":"https:\/\/all-pets.de\/shop\/wp-json\/wp\/v2\/types\/product"}],"replies":[{"embeddable":true,"href":"https:\/\/all-pets.de\/shop\/wp-json\/wp\/v2\/comments?post=50765"}],"wp:featuredmedia":[{"embeddable":true,"href":"https:\/\/all-pets.de\/shop\/wp-json\/wp\/v2\/media\/8198"}],"wp:attachment":[{"href":"https:\/\/all-pets.de\/shop\/wp-json\/wp\/v2\/media?parent=50765"}],"wp:term":[{"taxonomy":"product_cat","embeddable":true,"href":"https:\/\/all-pets.de\/shop\/wp-json\/wp\/v2\/product_cat?post=50765"},{"taxonomy":"product_tag","embeddable":true,"href":"https:\/\/all-pets.de\/shop\/wp-json\/wp\/v2\/product_tag?post=50765"}],"curies":[{"name":"wp","href":"https:\/\/api.w.org\/{rel}","templated":true}]}}