{"id":50769,"date":"2023-12-12T12:36:26","date_gmt":"2023-12-12T11:36:26","guid":{"rendered":"https:\/\/pet-shopping.de\/shop\/produkt\/karlie-boomer-vollgummi-futterball-7-cm\/"},"modified":"2023-12-12T12:36:27","modified_gmt":"2023-12-12T11:36:27","slug":"karlie-boomer-vollgummi-futterball-7-cm","status":"publish","type":"product","link":"https:\/\/all-pets.de\/shop\/produkt\/karlie-boomer-vollgummi-futterball-7-cm\/","title":{"rendered":"Karlie BOOMER Vollgummi Futterball &#8211; 7 cm"},"content":{"rendered":"<div>Mit Snacks bef\u00fcllbar. Extra langer Spielspa\u00df. Mit Snack-Labyrinth f\u00fcr eine dosierte Einzelabgabe. <\/p>\n<p> Achtung: &#8218;Vollgummi&#8216; ist die Bezeichnung des Materials und bedeutet nicht, dass der Artikel durchgehend aus Vollgummi ist!<\/p><\/div>\n<div>\u00a0<\/div>\n<div>Farben: Rot, Blau, Gelb.<\/div>\n<div><font size=\"1\">(Eine Farbwahl ist leider nicht m\u00f6glich. Die Farbe wird je nach Lagerbestand gew\u00e4hlt.)<\/font><\/div>\n","protected":false},"excerpt":{"rendered":"<p>Mit Snacks bef\u00fcllbar. Extra langer Spielspa\u00df. Mit Snack-Labyrinth f\u00fcr eine dosierte Einzelabgabe. Achtung: &#8218;Vollgummi&#8216; ist die Bezeichnung des Materials und bedeutet nicht, dass der Artikel durchgehend aus Vollgummi ist! \u00a0 Farben: Rot, Blau, Gelb. (Eine Farbwahl ist leider nicht m\u00f6glich. Die Farbe wird je nach Lagerbestand gew\u00e4hlt.)<\/p>\n","protected":false},"featured_media":8228,"comment_status":"closed","ping_status":"open","template":"","meta":[],"product_cat":[13836],"product_tag":[],"class_list":{"0":"post-50769","1":"product","2":"type-product","3":"status-publish","4":"has-post-thumbnail","6":"product_cat-agility-training-hundespielzeug-sport","8":"first","9":"instock","10":"taxable","11":"shipping-taxable","12":"purchasable","13":"product-type-simple"},"_links":{"self":[{"href":"https:\/\/all-pets.de\/shop\/wp-json\/wp\/v2\/product\/50769","targetHints":{"allow":["GET"]}}],"collection":[{"href":"https:\/\/all-pets.de\/shop\/wp-json\/wp\/v2\/product"}],"about":[{"href":"https:\/\/all-pets.de\/shop\/wp-json\/wp\/v2\/types\/product"}],"replies":[{"embeddable":true,"href":"https:\/\/all-pets.de\/shop\/wp-json\/wp\/v2\/comments?post=50769"}],"wp:featuredmedia":[{"embeddable":true,"href":"https:\/\/all-pets.de\/shop\/wp-json\/wp\/v2\/media\/8228"}],"wp:attachment":[{"href":"https:\/\/all-pets.de\/shop\/wp-json\/wp\/v2\/media?parent=50769"}],"wp:term":[{"taxonomy":"product_cat","embeddable":true,"href":"https:\/\/all-pets.de\/shop\/wp-json\/wp\/v2\/product_cat?post=50769"},{"taxonomy":"product_tag","embeddable":true,"href":"https:\/\/all-pets.de\/shop\/wp-json\/wp\/v2\/product_tag?post=50769"}],"curies":[{"name":"wp","href":"https:\/\/api.w.org\/{rel}","templated":true}]}}