{"id":50770,"date":"2023-12-12T12:36:26","date_gmt":"2023-12-12T11:36:26","guid":{"rendered":"https:\/\/pet-shopping.de\/shop\/produkt\/karlie-comfort-2-in-1-kleintier-geschirr-l\/"},"modified":"2023-12-12T12:36:27","modified_gmt":"2023-12-12T11:36:27","slug":"karlie-comfort-2-in-1-kleintier-geschirr-l","status":"publish","type":"product","link":"https:\/\/all-pets.de\/shop\/produkt\/karlie-comfort-2-in-1-kleintier-geschirr-l\/","title":{"rendered":"Karlie Comfort 2 in 1 Kleintier-Geschirr &#8211; L"},"content":{"rendered":"<p>&#8211; BrustGeschirr und flexible Leine<br \/> &#8211; Gr. L f\u00fcr gr\u00f6\u00dfere Nager: Hasen, etc.<\/p>\n","protected":false},"excerpt":{"rendered":"<p>&#8211; BrustGeschirr und flexible Leine &#8211; Gr. L f\u00fcr gr\u00f6\u00dfere Nager: Hasen, etc.<\/p>\n","protected":false},"featured_media":8256,"comment_status":"closed","ping_status":"open","template":"","meta":[],"product_cat":[14286],"product_tag":[],"class_list":{"0":"post-50770","1":"product","2":"type-product","3":"status-publish","4":"has-post-thumbnail","6":"product_cat-geschirre-leinen","8":"first","9":"instock","10":"taxable","11":"shipping-taxable","12":"purchasable","13":"product-type-simple"},"_links":{"self":[{"href":"https:\/\/all-pets.de\/shop\/wp-json\/wp\/v2\/product\/50770","targetHints":{"allow":["GET"]}}],"collection":[{"href":"https:\/\/all-pets.de\/shop\/wp-json\/wp\/v2\/product"}],"about":[{"href":"https:\/\/all-pets.de\/shop\/wp-json\/wp\/v2\/types\/product"}],"replies":[{"embeddable":true,"href":"https:\/\/all-pets.de\/shop\/wp-json\/wp\/v2\/comments?post=50770"}],"wp:featuredmedia":[{"embeddable":true,"href":"https:\/\/all-pets.de\/shop\/wp-json\/wp\/v2\/media\/8256"}],"wp:attachment":[{"href":"https:\/\/all-pets.de\/shop\/wp-json\/wp\/v2\/media?parent=50770"}],"wp:term":[{"taxonomy":"product_cat","embeddable":true,"href":"https:\/\/all-pets.de\/shop\/wp-json\/wp\/v2\/product_cat?post=50770"},{"taxonomy":"product_tag","embeddable":true,"href":"https:\/\/all-pets.de\/shop\/wp-json\/wp\/v2\/product_tag?post=50770"}],"curies":[{"name":"wp","href":"https:\/\/api.w.org\/{rel}","templated":true}]}}