{"id":50774,"date":"2023-12-12T12:36:28","date_gmt":"2023-12-12T11:36:28","guid":{"rendered":"https:\/\/pet-shopping.de\/shop\/produkt\/karlie-edelstahl-napf-mit-halterung-290-ml\/"},"modified":"2023-12-12T12:36:28","modified_gmt":"2023-12-12T11:36:28","slug":"karlie-edelstahl-napf-mit-halterung-290-ml","status":"publish","type":"product","link":"https:\/\/all-pets.de\/shop\/produkt\/karlie-edelstahl-napf-mit-halterung-290-ml\/","title":{"rendered":"Karlie Edelstahl-Napf mit Halterung &#8211; 290 ml"},"content":{"rendered":"<div>&#8211; Aus Edelstahl\u00a0<\/div>\n<div>&#8211; mit Napfhalterung zum Einh\u00e4ngen ins K\u00e4figgitter<br \/> &#8211; geeignet f\u00fcr Nager und V\u00f6gel<br \/> &#8211; Fassungsverm\u00f6gen: ca. 290 ml<br \/> &#8211; Durchmesser: ca. 10 cm<\/div>\n","protected":false},"excerpt":{"rendered":"<p>&#8211; Aus Edelstahl\u00a0 &#8211; mit Napfhalterung zum Einh\u00e4ngen ins K\u00e4figgitter &#8211; geeignet f\u00fcr Nager und V\u00f6gel &#8211; Fassungsverm\u00f6gen: ca. 290 ml &#8211; Durchmesser: ca. 10 cm<\/p>\n","protected":false},"featured_media":8312,"comment_status":"closed","ping_status":"open","template":"","meta":[],"product_cat":[15427],"product_tag":[],"class_list":{"0":"post-50774","1":"product","2":"type-product","3":"status-publish","4":"has-post-thumbnail","6":"product_cat-kleintiernaepfe-ausstattung-zubehoer-vogelnaepfe-vogeltraenkenkleintierwelt","8":"first","9":"instock","10":"taxable","11":"shipping-taxable","12":"purchasable","13":"product-type-simple"},"_links":{"self":[{"href":"https:\/\/all-pets.de\/shop\/wp-json\/wp\/v2\/product\/50774","targetHints":{"allow":["GET"]}}],"collection":[{"href":"https:\/\/all-pets.de\/shop\/wp-json\/wp\/v2\/product"}],"about":[{"href":"https:\/\/all-pets.de\/shop\/wp-json\/wp\/v2\/types\/product"}],"replies":[{"embeddable":true,"href":"https:\/\/all-pets.de\/shop\/wp-json\/wp\/v2\/comments?post=50774"}],"wp:featuredmedia":[{"embeddable":true,"href":"https:\/\/all-pets.de\/shop\/wp-json\/wp\/v2\/media\/8312"}],"wp:attachment":[{"href":"https:\/\/all-pets.de\/shop\/wp-json\/wp\/v2\/media?parent=50774"}],"wp:term":[{"taxonomy":"product_cat","embeddable":true,"href":"https:\/\/all-pets.de\/shop\/wp-json\/wp\/v2\/product_cat?post=50774"},{"taxonomy":"product_tag","embeddable":true,"href":"https:\/\/all-pets.de\/shop\/wp-json\/wp\/v2\/product_tag?post=50774"}],"curies":[{"name":"wp","href":"https:\/\/api.w.org\/{rel}","templated":true}]}}