{"id":50776,"date":"2023-12-12T12:36:28","date_gmt":"2023-12-12T11:36:28","guid":{"rendered":"https:\/\/pet-shopping.de\/shop\/produkt\/karlie-holz-laufrad-bogie-wheel-15-cm\/"},"modified":"2023-12-12T12:36:28","modified_gmt":"2023-12-12T11:36:28","slug":"karlie-holz-laufrad-bogie-wheel-15-cm","status":"publish","type":"product","link":"https:\/\/all-pets.de\/shop\/produkt\/karlie-holz-laufrad-bogie-wheel-15-cm\/","title":{"rendered":"Karlie Holz-Laufrad BOGIE WHEEL &#8211; 15 cm"},"content":{"rendered":"<p>Absolut ger\u00e4uscharm. Aus unbehandeltem Naturholz. Sicher durch geschlossene Sprossen-Gangway. Zum sicheren aufstellen im K\u00e4fig oder Freigehege. Das professionelle Fitness-Ger\u00e4t um den nat\u00fcrlichen Lauftrieb optimal zu unterst\u00fctzen.<\/p>\n","protected":false},"excerpt":{"rendered":"<p>Absolut ger\u00e4uscharm. Aus unbehandeltem Naturholz. Sicher durch geschlossene Sprossen-Gangway. Zum sicheren aufstellen im K\u00e4fig oder Freigehege. Das professionelle Fitness-Ger\u00e4t um den nat\u00fcrlichen Lauftrieb optimal zu unterst\u00fctzen.<\/p>\n","protected":false},"featured_media":8388,"comment_status":"closed","ping_status":"open","template":"","meta":[],"product_cat":[15082],"product_tag":[],"class_list":{"0":"post-50776","1":"product","2":"type-product","3":"status-publish","4":"has-post-thumbnail","6":"product_cat-laufraeder-ausstattung-zubehoer-kleintierwelt","8":"first","9":"instock","10":"taxable","11":"shipping-taxable","12":"purchasable","13":"product-type-simple"},"_links":{"self":[{"href":"https:\/\/all-pets.de\/shop\/wp-json\/wp\/v2\/product\/50776","targetHints":{"allow":["GET"]}}],"collection":[{"href":"https:\/\/all-pets.de\/shop\/wp-json\/wp\/v2\/product"}],"about":[{"href":"https:\/\/all-pets.de\/shop\/wp-json\/wp\/v2\/types\/product"}],"replies":[{"embeddable":true,"href":"https:\/\/all-pets.de\/shop\/wp-json\/wp\/v2\/comments?post=50776"}],"wp:featuredmedia":[{"embeddable":true,"href":"https:\/\/all-pets.de\/shop\/wp-json\/wp\/v2\/media\/8388"}],"wp:attachment":[{"href":"https:\/\/all-pets.de\/shop\/wp-json\/wp\/v2\/media?parent=50776"}],"wp:term":[{"taxonomy":"product_cat","embeddable":true,"href":"https:\/\/all-pets.de\/shop\/wp-json\/wp\/v2\/product_cat?post=50776"},{"taxonomy":"product_tag","embeddable":true,"href":"https:\/\/all-pets.de\/shop\/wp-json\/wp\/v2\/product_tag?post=50776"}],"curies":[{"name":"wp","href":"https:\/\/api.w.org\/{rel}","templated":true}]}}