{"id":50783,"date":"2023-12-12T12:36:30","date_gmt":"2023-12-12T11:36:30","guid":{"rendered":"https:\/\/pet-shopping.de\/shop\/produkt\/karlie-kletterspirale-aus-baumwolle-24-cm\/"},"modified":"2023-12-12T12:36:30","modified_gmt":"2023-12-12T11:36:30","slug":"karlie-kletterspirale-aus-baumwolle-24-cm","status":"publish","type":"product","link":"https:\/\/all-pets.de\/shop\/produkt\/karlie-kletterspirale-aus-baumwolle-24-cm\/","title":{"rendered":"Karlie Kletterspirale aus Baumwolle &#8211; 24 cm"},"content":{"rendered":"<div>Kletterspirale aus Baumwolle zum Einh\u00e4ngen in den K\u00e4fig. Speziell f\u00fcr Gro\u00dfsittiche und Papageien.<br \/> &#8211; Durchmesser: ca. 24 cm<\/div>\n<div> <font size=\"1\">(Eine Farbwahl ist leider nicht m\u00f6glich. Die Farbe wird je nach Lagerbestand gew\u00e4hlt.)<\/font><\/div>\n","protected":false},"excerpt":{"rendered":"<p>Kletterspirale aus Baumwolle zum Einh\u00e4ngen in den K\u00e4fig. Speziell f\u00fcr Gro\u00dfsittiche und Papageien. &#8211; Durchmesser: ca. 24 cm (Eine Farbwahl ist leider nicht m\u00f6glich. Die Farbe wird je nach Lagerbestand gew\u00e4hlt.)<\/p>\n","protected":false},"featured_media":8422,"comment_status":"closed","ping_status":"open","template":"","meta":[],"product_cat":[13692],"product_tag":[],"class_list":{"0":"post-50783","1":"product","2":"type-product","3":"status-publish","4":"has-post-thumbnail","6":"product_cat-spielzeug","8":"first","9":"instock","10":"taxable","11":"shipping-taxable","12":"purchasable","13":"product-type-simple"},"_links":{"self":[{"href":"https:\/\/all-pets.de\/shop\/wp-json\/wp\/v2\/product\/50783","targetHints":{"allow":["GET"]}}],"collection":[{"href":"https:\/\/all-pets.de\/shop\/wp-json\/wp\/v2\/product"}],"about":[{"href":"https:\/\/all-pets.de\/shop\/wp-json\/wp\/v2\/types\/product"}],"replies":[{"embeddable":true,"href":"https:\/\/all-pets.de\/shop\/wp-json\/wp\/v2\/comments?post=50783"}],"wp:featuredmedia":[{"embeddable":true,"href":"https:\/\/all-pets.de\/shop\/wp-json\/wp\/v2\/media\/8422"}],"wp:attachment":[{"href":"https:\/\/all-pets.de\/shop\/wp-json\/wp\/v2\/media?parent=50783"}],"wp:term":[{"taxonomy":"product_cat","embeddable":true,"href":"https:\/\/all-pets.de\/shop\/wp-json\/wp\/v2\/product_cat?post=50783"},{"taxonomy":"product_tag","embeddable":true,"href":"https:\/\/all-pets.de\/shop\/wp-json\/wp\/v2\/product_tag?post=50783"}],"curies":[{"name":"wp","href":"https:\/\/api.w.org\/{rel}","templated":true}]}}