{"id":50786,"date":"2023-12-12T12:36:30","date_gmt":"2023-12-12T11:36:30","guid":{"rendered":"https:\/\/pet-shopping.de\/shop\/produkt\/karlie-kratzbrett-fuer-innen-und-aussenecken-28-x-80-cm\/"},"modified":"2023-12-12T12:36:31","modified_gmt":"2023-12-12T11:36:31","slug":"karlie-kratzbrett-fuer-innen-und-aussenecken-28-x-80-cm","status":"publish","type":"product","link":"https:\/\/all-pets.de\/shop\/produkt\/karlie-kratzbrett-fuer-innen-und-aussenecken-28-x-80-cm\/","title":{"rendered":"Karlie Kratzbrett f\u00fcr Innen- und Au\u00dfenecken &#8211; 28 x 80 cm"},"content":{"rendered":"<p>Kratzbrett f\u00fcr Innen- und Au\u00dfenecken.\u00a0 Kann flach oder \u00fcber Eck montiert werden.  <\/p>\n<p> Ma\u00dfe flach: 28 x 80 cm bzw. 14 x 80 cm (BxH) pro Seite bei Eckmontage<\/p>\n<p>Farbe: Beige<\/p>\n","protected":false},"excerpt":{"rendered":"<p>Kratzbrett f\u00fcr Innen- und Au\u00dfenecken.\u00a0 Kann flach oder \u00fcber Eck montiert werden. Ma\u00dfe flach: 28 x 80 cm bzw. 14 x 80 cm (BxH) pro Seite bei Eckmontage Farbe: Beige<\/p>\n","protected":false},"featured_media":8446,"comment_status":"closed","ping_status":"open","template":"","meta":[],"product_cat":[13695],"product_tag":[],"class_list":{"0":"post-50786","1":"product","2":"type-product","3":"status-publish","4":"has-post-thumbnail","6":"product_cat-kratzbaeume-moebel-kratzbretter-artikelkatzenwelt-kratzbaeume-moebel","8":"first","9":"instock","10":"taxable","11":"shipping-taxable","12":"purchasable","13":"product-type-simple"},"_links":{"self":[{"href":"https:\/\/all-pets.de\/shop\/wp-json\/wp\/v2\/product\/50786","targetHints":{"allow":["GET"]}}],"collection":[{"href":"https:\/\/all-pets.de\/shop\/wp-json\/wp\/v2\/product"}],"about":[{"href":"https:\/\/all-pets.de\/shop\/wp-json\/wp\/v2\/types\/product"}],"replies":[{"embeddable":true,"href":"https:\/\/all-pets.de\/shop\/wp-json\/wp\/v2\/comments?post=50786"}],"wp:featuredmedia":[{"embeddable":true,"href":"https:\/\/all-pets.de\/shop\/wp-json\/wp\/v2\/media\/8446"}],"wp:attachment":[{"href":"https:\/\/all-pets.de\/shop\/wp-json\/wp\/v2\/media?parent=50786"}],"wp:term":[{"taxonomy":"product_cat","embeddable":true,"href":"https:\/\/all-pets.de\/shop\/wp-json\/wp\/v2\/product_cat?post=50786"},{"taxonomy":"product_tag","embeddable":true,"href":"https:\/\/all-pets.de\/shop\/wp-json\/wp\/v2\/product_tag?post=50786"}],"curies":[{"name":"wp","href":"https:\/\/api.w.org\/{rel}","templated":true}]}}