{"id":50787,"date":"2023-12-12T12:36:30","date_gmt":"2023-12-12T11:36:30","guid":{"rendered":"https:\/\/pet-shopping.de\/shop\/produkt\/karlie-kunststoff-laufrad-willy-wheel-13-cm\/"},"modified":"2023-12-12T12:36:31","modified_gmt":"2023-12-12T11:36:31","slug":"karlie-kunststoff-laufrad-willy-wheel-13-cm","status":"publish","type":"product","link":"https:\/\/all-pets.de\/shop\/produkt\/karlie-kunststoff-laufrad-willy-wheel-13-cm\/","title":{"rendered":"Karlie Kunststoff-Laufrad WILLY WHEEL &#8211; 13 cm"},"content":{"rendered":"<p>&#8211; F\u00fcr M\u00e4use und Zwerghamster<br \/> &#8211; Zum Stellen oder H\u00e4ngen im K\u00e4fig oder Freigehege<br \/> &#8211; Absolut ger\u00e4uscharm<br \/> &#8211; Sicher durch geschlossene Sprossen-Gangway<br \/> &#8211; Durchmesser: ca. 13 cm<br \/> &#8211; Gesamth\u00f6he ca. 15,5 cm<\/p>\n<p><font size=\"1\">(Eine Farbwahl ist leider nicht m\u00f6glich. Die Farbe wird je nach Lagerbestand gew\u00e4hlt.)<\/font><\/p>\n","protected":false},"excerpt":{"rendered":"<p>&#8211; F\u00fcr M\u00e4use und Zwerghamster &#8211; Zum Stellen oder H\u00e4ngen im K\u00e4fig oder Freigehege &#8211; Absolut ger\u00e4uscharm &#8211; Sicher durch geschlossene Sprossen-Gangway &#8211; Durchmesser: ca. 13 cm &#8211; Gesamth\u00f6he ca. 15,5 cm (Eine Farbwahl ist leider nicht m\u00f6glich. Die Farbe wird je nach Lagerbestand gew\u00e4hlt.)<\/p>\n","protected":false},"featured_media":8450,"comment_status":"closed","ping_status":"open","template":"","meta":[],"product_cat":[15082],"product_tag":[],"class_list":{"0":"post-50787","1":"product","2":"type-product","3":"status-publish","4":"has-post-thumbnail","6":"product_cat-laufraeder-ausstattung-zubehoer-kleintierwelt","8":"first","9":"instock","10":"taxable","11":"shipping-taxable","12":"purchasable","13":"product-type-simple"},"_links":{"self":[{"href":"https:\/\/all-pets.de\/shop\/wp-json\/wp\/v2\/product\/50787","targetHints":{"allow":["GET"]}}],"collection":[{"href":"https:\/\/all-pets.de\/shop\/wp-json\/wp\/v2\/product"}],"about":[{"href":"https:\/\/all-pets.de\/shop\/wp-json\/wp\/v2\/types\/product"}],"replies":[{"embeddable":true,"href":"https:\/\/all-pets.de\/shop\/wp-json\/wp\/v2\/comments?post=50787"}],"wp:featuredmedia":[{"embeddable":true,"href":"https:\/\/all-pets.de\/shop\/wp-json\/wp\/v2\/media\/8450"}],"wp:attachment":[{"href":"https:\/\/all-pets.de\/shop\/wp-json\/wp\/v2\/media?parent=50787"}],"wp:term":[{"taxonomy":"product_cat","embeddable":true,"href":"https:\/\/all-pets.de\/shop\/wp-json\/wp\/v2\/product_cat?post=50787"},{"taxonomy":"product_tag","embeddable":true,"href":"https:\/\/all-pets.de\/shop\/wp-json\/wp\/v2\/product_tag?post=50787"}],"curies":[{"name":"wp","href":"https:\/\/api.w.org\/{rel}","templated":true}]}}