{"id":50799,"date":"2023-12-12T12:36:32","date_gmt":"2023-12-12T11:36:32","guid":{"rendered":"https:\/\/pet-shopping.de\/shop\/produkt\/karlie-nagerstein-tutti-frutti-weintraube-klein-30-g\/"},"modified":"2023-12-12T12:36:33","modified_gmt":"2023-12-12T11:36:33","slug":"karlie-nagerstein-tutti-frutti-weintraube-klein-30-g","status":"publish","type":"product","link":"https:\/\/all-pets.de\/shop\/produkt\/karlie-nagerstein-tutti-frutti-weintraube-klein-30-g\/","title":{"rendered":"Karlie Nagerstein TUTTI FRUTTI Weintraube &#8211; Klein, 30 g"},"content":{"rendered":"<p>&#8211; Inklusive Halterung<br \/> &#8211; Gesunde Nahrungserg\u00e4nzung f\u00fcr kleine und gro\u00dfe Nager<br \/> &#8211; Mit vielen Vitaminen, Mineralien und Salzen, genau wie sie in der Natur zu finden sind<br \/> &#8211; 30 g<\/p>\n","protected":false},"excerpt":{"rendered":"<p>&#8211; Inklusive Halterung &#8211; Gesunde Nahrungserg\u00e4nzung f\u00fcr kleine und gro\u00dfe Nager &#8211; Mit vielen Vitaminen, Mineralien und Salzen, genau wie sie in der Natur zu finden sind &#8211; 30 g<\/p>\n","protected":false},"featured_media":8597,"comment_status":"closed","ping_status":"open","template":"","meta":[],"product_cat":[14655],"product_tag":[],"class_list":{"0":"post-50799","1":"product","2":"type-product","3":"status-publish","4":"has-post-thumbnail","6":"product_cat-nagersteine","8":"first","9":"instock","10":"taxable","11":"shipping-taxable","12":"purchasable","13":"product-type-simple"},"_links":{"self":[{"href":"https:\/\/all-pets.de\/shop\/wp-json\/wp\/v2\/product\/50799","targetHints":{"allow":["GET"]}}],"collection":[{"href":"https:\/\/all-pets.de\/shop\/wp-json\/wp\/v2\/product"}],"about":[{"href":"https:\/\/all-pets.de\/shop\/wp-json\/wp\/v2\/types\/product"}],"replies":[{"embeddable":true,"href":"https:\/\/all-pets.de\/shop\/wp-json\/wp\/v2\/comments?post=50799"}],"wp:featuredmedia":[{"embeddable":true,"href":"https:\/\/all-pets.de\/shop\/wp-json\/wp\/v2\/media\/8597"}],"wp:attachment":[{"href":"https:\/\/all-pets.de\/shop\/wp-json\/wp\/v2\/media?parent=50799"}],"wp:term":[{"taxonomy":"product_cat","embeddable":true,"href":"https:\/\/all-pets.de\/shop\/wp-json\/wp\/v2\/product_cat?post=50799"},{"taxonomy":"product_tag","embeddable":true,"href":"https:\/\/all-pets.de\/shop\/wp-json\/wp\/v2\/product_tag?post=50799"}],"curies":[{"name":"wp","href":"https:\/\/api.w.org\/{rel}","templated":true}]}}