{"id":50800,"date":"2023-12-12T12:36:32","date_gmt":"2023-12-12T11:36:32","guid":{"rendered":"https:\/\/pet-shopping.de\/shop\/produkt\/karlie-nistkasten-aus-naturholz-klein\/"},"modified":"2023-12-12T12:36:33","modified_gmt":"2023-12-12T11:36:33","slug":"karlie-nistkasten-aus-naturholz-klein","status":"publish","type":"product","link":"https:\/\/all-pets.de\/shop\/produkt\/karlie-nistkasten-aus-naturholz-klein\/","title":{"rendered":"Karlie Nistkasten aus Naturholz &#8211; Klein"},"content":{"rendered":"<div>&#8211; F\u00fcr Vogelk\u00e4fige und Volieren<\/div>\n<div>&#8211; Gr\u00f6\u00dfe: 21 x 12,5 x 13 cm (1 St\u00fcck)<\/p>\n<p> <font size=\"1\">Der Verein der Wellensittich-Freunde Deutschland e.V. weist darauf hin, dass Nistk\u00e4sten u.\u00e4. Wellensittiche und evtl. auch andere Vogelarten zum Br\u00fcten animieren k\u00f6nnen und dass, wenn man mit Krummschn\u00e4beln (wozu auch Wellensittiche geh\u00f6ren) z\u00fcchten m\u00f6chte, in Deutschland eine Zuchtgenehmigung ben\u00f6tigt wird. Weitere Informationen finden Sie hier: www.vwfd.de.<\/font> <\/div>\n","protected":false},"excerpt":{"rendered":"<p>&#8211; F\u00fcr Vogelk\u00e4fige und Volieren &#8211; Gr\u00f6\u00dfe: 21 x 12,5 x 13 cm (1 St\u00fcck) Der Verein der Wellensittich-Freunde Deutschland e.V. weist darauf hin, dass Nistk\u00e4sten u.\u00e4. Wellensittiche und evtl. auch andere Vogelarten zum Br\u00fcten animieren k\u00f6nnen und dass, wenn man mit Krummschn\u00e4beln (wozu auch Wellensittiche geh\u00f6ren) z\u00fcchten m\u00f6chte, in Deutschland eine Zuchtgenehmigung ben\u00f6tigt wird. [&hellip;]<\/p>\n","protected":false},"featured_media":8607,"comment_status":"closed","ping_status":"open","template":"","meta":[],"product_cat":[13681],"product_tag":[],"class_list":{"0":"post-50800","1":"product","2":"type-product","3":"status-publish","4":"has-post-thumbnail","6":"product_cat-nester-nistmaterial","8":"first","9":"instock","10":"taxable","11":"shipping-taxable","12":"purchasable","13":"product-type-simple"},"_links":{"self":[{"href":"https:\/\/all-pets.de\/shop\/wp-json\/wp\/v2\/product\/50800","targetHints":{"allow":["GET"]}}],"collection":[{"href":"https:\/\/all-pets.de\/shop\/wp-json\/wp\/v2\/product"}],"about":[{"href":"https:\/\/all-pets.de\/shop\/wp-json\/wp\/v2\/types\/product"}],"replies":[{"embeddable":true,"href":"https:\/\/all-pets.de\/shop\/wp-json\/wp\/v2\/comments?post=50800"}],"wp:featuredmedia":[{"embeddable":true,"href":"https:\/\/all-pets.de\/shop\/wp-json\/wp\/v2\/media\/8607"}],"wp:attachment":[{"href":"https:\/\/all-pets.de\/shop\/wp-json\/wp\/v2\/media?parent=50800"}],"wp:term":[{"taxonomy":"product_cat","embeddable":true,"href":"https:\/\/all-pets.de\/shop\/wp-json\/wp\/v2\/product_cat?post=50800"},{"taxonomy":"product_tag","embeddable":true,"href":"https:\/\/all-pets.de\/shop\/wp-json\/wp\/v2\/product_tag?post=50800"}],"curies":[{"name":"wp","href":"https:\/\/api.w.org\/{rel}","templated":true}]}}