{"id":50803,"date":"2023-12-12T12:36:34","date_gmt":"2023-12-12T11:36:34","guid":{"rendered":"https:\/\/pet-shopping.de\/shop\/produkt\/karlie-pluesch-stern-25-cm\/"},"modified":"2023-12-12T12:36:34","modified_gmt":"2023-12-12T11:36:34","slug":"karlie-pluesch-stern-25-cm","status":"publish","type":"product","link":"https:\/\/all-pets.de\/shop\/produkt\/karlie-pluesch-stern-25-cm\/","title":{"rendered":"Karlie Pl\u00fcsch-Stern &#8211; 25 cm"},"content":{"rendered":"<p>&#8211; Stern aus Pl\u00fcsch<br \/> &#8211; Gr\u00f6\u00dfe: ca. 25 x 25 cm <br \/> &#8211; Waschbar bis 30\u00b0 C<br \/> &#8211; Mit 4 Squeekern<\/p>\n","protected":false},"excerpt":{"rendered":"<p>&#8211; Stern aus Pl\u00fcsch &#8211; Gr\u00f6\u00dfe: ca. 25 x 25 cm &#8211; Waschbar bis 30\u00b0 C &#8211; Mit 4 Squeekern<\/p>\n","protected":false},"featured_media":8658,"comment_status":"closed","ping_status":"open","template":"","meta":[],"product_cat":[14209],"product_tag":[],"class_list":{"0":"post-50803","1":"product","2":"type-product","3":"status-publish","4":"has-post-thumbnail","6":"product_cat-plueschspielzeug-hundespielzeug-sport-squeekerhundewelt","8":"first","9":"instock","10":"taxable","11":"shipping-taxable","12":"purchasable","13":"product-type-simple"},"_links":{"self":[{"href":"https:\/\/all-pets.de\/shop\/wp-json\/wp\/v2\/product\/50803","targetHints":{"allow":["GET"]}}],"collection":[{"href":"https:\/\/all-pets.de\/shop\/wp-json\/wp\/v2\/product"}],"about":[{"href":"https:\/\/all-pets.de\/shop\/wp-json\/wp\/v2\/types\/product"}],"replies":[{"embeddable":true,"href":"https:\/\/all-pets.de\/shop\/wp-json\/wp\/v2\/comments?post=50803"}],"wp:featuredmedia":[{"embeddable":true,"href":"https:\/\/all-pets.de\/shop\/wp-json\/wp\/v2\/media\/8658"}],"wp:attachment":[{"href":"https:\/\/all-pets.de\/shop\/wp-json\/wp\/v2\/media?parent=50803"}],"wp:term":[{"taxonomy":"product_cat","embeddable":true,"href":"https:\/\/all-pets.de\/shop\/wp-json\/wp\/v2\/product_cat?post=50803"},{"taxonomy":"product_tag","embeddable":true,"href":"https:\/\/all-pets.de\/shop\/wp-json\/wp\/v2\/product_tag?post=50803"}],"curies":[{"name":"wp","href":"https:\/\/api.w.org\/{rel}","templated":true}]}}