{"id":50808,"date":"2023-12-12T12:36:34","date_gmt":"2023-12-12T11:36:34","guid":{"rendered":"https:\/\/pet-shopping.de\/shop\/produkt\/karlie-baumwollschaukel-24-cm\/"},"modified":"2023-12-12T12:36:35","modified_gmt":"2023-12-12T11:36:35","slug":"karlie-baumwollschaukel-24-cm","status":"publish","type":"product","link":"https:\/\/all-pets.de\/shop\/produkt\/karlie-baumwollschaukel-24-cm\/","title":{"rendered":"Karlie Baumwollschaukel &#8211; 24 cm"},"content":{"rendered":"<div>Schaukelkrone aus Baumwolle zum Einh\u00e4ngen in den K\u00e4fig. Speziell f\u00fcr Gro\u00dfsittiche und Papageien.<\/p>\n<p> &#8211; Gr\u00f6\u00dfe: 24 cm<\/p><\/div>\n<div> <font size=\"1\">(Eine Farbwahl ist leider nicht m\u00f6glich. Die Farbe wird je nach Lagerbestand gew\u00e4hlt.)<\/font><\/div>\n","protected":false},"excerpt":{"rendered":"<p>Schaukelkrone aus Baumwolle zum Einh\u00e4ngen in den K\u00e4fig. Speziell f\u00fcr Gro\u00dfsittiche und Papageien. &#8211; Gr\u00f6\u00dfe: 24 cm (Eine Farbwahl ist leider nicht m\u00f6glich. Die Farbe wird je nach Lagerbestand gew\u00e4hlt.)<\/p>\n","protected":false},"featured_media":8706,"comment_status":"closed","ping_status":"open","template":"","meta":[],"product_cat":[15432],"product_tag":[],"class_list":{"0":"post-50808","1":"product","2":"type-product","3":"status-publish","4":"has-post-thumbnail","6":"product_cat-vogelschaukeln-ausstattung-zubehoer-spielzeugvogelwelt","8":"first","9":"instock","10":"taxable","11":"shipping-taxable","12":"purchasable","13":"product-type-simple"},"_links":{"self":[{"href":"https:\/\/all-pets.de\/shop\/wp-json\/wp\/v2\/product\/50808","targetHints":{"allow":["GET"]}}],"collection":[{"href":"https:\/\/all-pets.de\/shop\/wp-json\/wp\/v2\/product"}],"about":[{"href":"https:\/\/all-pets.de\/shop\/wp-json\/wp\/v2\/types\/product"}],"replies":[{"embeddable":true,"href":"https:\/\/all-pets.de\/shop\/wp-json\/wp\/v2\/comments?post=50808"}],"wp:featuredmedia":[{"embeddable":true,"href":"https:\/\/all-pets.de\/shop\/wp-json\/wp\/v2\/media\/8706"}],"wp:attachment":[{"href":"https:\/\/all-pets.de\/shop\/wp-json\/wp\/v2\/media?parent=50808"}],"wp:term":[{"taxonomy":"product_cat","embeddable":true,"href":"https:\/\/all-pets.de\/shop\/wp-json\/wp\/v2\/product_cat?post=50808"},{"taxonomy":"product_tag","embeddable":true,"href":"https:\/\/all-pets.de\/shop\/wp-json\/wp\/v2\/product_tag?post=50808"}],"curies":[{"name":"wp","href":"https:\/\/api.w.org\/{rel}","templated":true}]}}