{"id":50815,"date":"2023-12-12T12:36:36","date_gmt":"2023-12-12T11:36:36","guid":{"rendered":"https:\/\/pet-shopping.de\/shop\/produkt\/karlie-tennisball-mit-seil-6-cm\/"},"modified":"2023-12-12T12:36:37","modified_gmt":"2023-12-12T11:36:37","slug":"karlie-tennisball-mit-seil-6-cm","status":"publish","type":"product","link":"https:\/\/all-pets.de\/shop\/produkt\/karlie-tennisball-mit-seil-6-cm\/","title":{"rendered":"Karlie Tennisball mit Seil &#8211; 6 cm"},"content":{"rendered":"<p>Tennisspielzeug &#8211; ein beliebtes Spielzeug bei allen Hunden. Gut geeignet zum Werfen, zum Apportieren und f\u00fcr Zerrspiele. Erh\u00e4ltlich in verschiedenen Formen, wie Knochen, Boomerang, Stick oder Ball mit Seil.<\/p>\n<p>Mit den Tennisballartikeln 30:15 ist Spiel und Spa\u00df angesagt. Ein stundenlanges Spielvergn\u00fcgen ist mit diesem klassischen Spielzeug garantiert. Die Tennisballartikel mit Pf\u00f6tchenaufdruck sind erh\u00e4ltlich in verschiedenen Gr\u00f6\u00dfen und Formen.<\/p>\n<p>Balldurchmesser: ca. 6 cm<br \/> L\u00e4nge des Seils: ca. 60 cm<\/p>\n","protected":false},"excerpt":{"rendered":"<p>Tennisspielzeug &#8211; ein beliebtes Spielzeug bei allen Hunden. Gut geeignet zum Werfen, zum Apportieren und f\u00fcr Zerrspiele. Erh\u00e4ltlich in verschiedenen Formen, wie Knochen, Boomerang, Stick oder Ball mit Seil. Mit den Tennisballartikeln 30:15 ist Spiel und Spa\u00df angesagt. Ein stundenlanges Spielvergn\u00fcgen ist mit diesem klassischen Spielzeug garantiert. Die Tennisballartikel mit Pf\u00f6tchenaufdruck sind erh\u00e4ltlich in verschiedenen [&hellip;]<\/p>\n","protected":false},"featured_media":13873,"comment_status":"closed","ping_status":"open","template":"","meta":[],"product_cat":[14200],"product_tag":[],"class_list":{"0":"post-50815","1":"product","2":"type-product","3":"status-publish","4":"has-post-thumbnail","6":"product_cat-hundebaelle-hundespielzeug-sport-hundewurfspielzeughundewelt","8":"first","9":"instock","10":"taxable","11":"shipping-taxable","12":"purchasable","13":"product-type-simple"},"_links":{"self":[{"href":"https:\/\/all-pets.de\/shop\/wp-json\/wp\/v2\/product\/50815","targetHints":{"allow":["GET"]}}],"collection":[{"href":"https:\/\/all-pets.de\/shop\/wp-json\/wp\/v2\/product"}],"about":[{"href":"https:\/\/all-pets.de\/shop\/wp-json\/wp\/v2\/types\/product"}],"replies":[{"embeddable":true,"href":"https:\/\/all-pets.de\/shop\/wp-json\/wp\/v2\/comments?post=50815"}],"wp:featuredmedia":[{"embeddable":true,"href":"https:\/\/all-pets.de\/shop\/wp-json\/wp\/v2\/media\/13873"}],"wp:attachment":[{"href":"https:\/\/all-pets.de\/shop\/wp-json\/wp\/v2\/media?parent=50815"}],"wp:term":[{"taxonomy":"product_cat","embeddable":true,"href":"https:\/\/all-pets.de\/shop\/wp-json\/wp\/v2\/product_cat?post=50815"},{"taxonomy":"product_tag","embeddable":true,"href":"https:\/\/all-pets.de\/shop\/wp-json\/wp\/v2\/product_tag?post=50815"}],"curies":[{"name":"wp","href":"https:\/\/api.w.org\/{rel}","templated":true}]}}