{"id":50822,"date":"2023-12-12T12:36:36","date_gmt":"2023-12-12T11:36:36","guid":{"rendered":"https:\/\/pet-shopping.de\/shop\/produkt\/karlie-trinkflasche-snuggle-bar-1000-ml\/"},"modified":"2023-12-12T12:36:37","modified_gmt":"2023-12-12T11:36:37","slug":"karlie-trinkflasche-snuggle-bar-1000-ml","status":"publish","type":"product","link":"https:\/\/all-pets.de\/shop\/produkt\/karlie-trinkflasche-snuggle-bar-1000-ml\/","title":{"rendered":"Karlie Trinkflasche SNUGGLE BAR &#8211; 1000 ml"},"content":{"rendered":"<p>&#8211; Tropfsicher durch Kugelventile<br \/> &#8211; Mit gebogenem Edelstahlr\u00f6hrchen<br \/> &#8211; Wasserstand-Skala<br \/> &#8211; Komplett mit Halterung<br \/> &#8211; Farben: Blau, Rot, Gr\u00fcn<\/p>\n<p> <font size='1'>(Eine Farbwahl ist leider nicht m\u00f6glich. Die Farbe wird je nach Lagerbestand gew\u00e4hlt.)<\/font><\/p>\n","protected":false},"excerpt":{"rendered":"<p>&#8211; Tropfsicher durch Kugelventile &#8211; Mit gebogenem Edelstahlr\u00f6hrchen &#8211; Wasserstand-Skala &#8211; Komplett mit Halterung &#8211; Farben: Blau, Rot, Gr\u00fcn (Eine Farbwahl ist leider nicht m\u00f6glich. Die Farbe wird je nach Lagerbestand gew\u00e4hlt.)<\/p>\n","protected":false},"featured_media":13897,"comment_status":"closed","ping_status":"open","template":"","meta":[],"product_cat":[14055],"product_tag":[],"class_list":{"0":"post-50822","1":"product","2":"type-product","3":"status-publish","4":"has-post-thumbnail","6":"product_cat-kleintiertraenken","8":"first","9":"instock","10":"taxable","11":"shipping-taxable","12":"purchasable","13":"product-type-simple"},"_links":{"self":[{"href":"https:\/\/all-pets.de\/shop\/wp-json\/wp\/v2\/product\/50822","targetHints":{"allow":["GET"]}}],"collection":[{"href":"https:\/\/all-pets.de\/shop\/wp-json\/wp\/v2\/product"}],"about":[{"href":"https:\/\/all-pets.de\/shop\/wp-json\/wp\/v2\/types\/product"}],"replies":[{"embeddable":true,"href":"https:\/\/all-pets.de\/shop\/wp-json\/wp\/v2\/comments?post=50822"}],"wp:featuredmedia":[{"embeddable":true,"href":"https:\/\/all-pets.de\/shop\/wp-json\/wp\/v2\/media\/13897"}],"wp:attachment":[{"href":"https:\/\/all-pets.de\/shop\/wp-json\/wp\/v2\/media?parent=50822"}],"wp:term":[{"taxonomy":"product_cat","embeddable":true,"href":"https:\/\/all-pets.de\/shop\/wp-json\/wp\/v2\/product_cat?post=50822"},{"taxonomy":"product_tag","embeddable":true,"href":"https:\/\/all-pets.de\/shop\/wp-json\/wp\/v2\/product_tag?post=50822"}],"curies":[{"name":"wp","href":"https:\/\/api.w.org\/{rel}","templated":true}]}}