{"id":50829,"date":"2023-12-12T12:36:38","date_gmt":"2023-12-12T11:36:38","guid":{"rendered":"https:\/\/pet-shopping.de\/shop\/produkt\/karlie-weidenbruecke-aus-echtholz-s-13-x-21-cm\/"},"modified":"2023-12-12T12:36:38","modified_gmt":"2023-12-12T11:36:38","slug":"karlie-weidenbruecke-aus-echtholz-s-13-x-21-cm","status":"publish","type":"product","link":"https:\/\/all-pets.de\/shop\/produkt\/karlie-weidenbruecke-aus-echtholz-s-13-x-21-cm\/","title":{"rendered":"Karlie Weidenbr\u00fccke aus Echtholz &#8211; S, 13 x 21 cm"},"content":{"rendered":"<p>Das sollte in keinem Nagerheim fehlen! Die Echtholz-Weidenbr\u00fccken sind tolle Verwandlungsk\u00fcnstler: Ob Br\u00fccke, H\u00e4uschen, Tunnelr\u00f6hre, H\u00f6hle, H\u00e4ngebr\u00fccke, Leiter, es darf sogar geknabbert werden &#8211; so vielseitig kann dieses Nagerzubeh\u00f6r sein! 100% nat\u00fcrlich!<\/p>\n<p> Ma\u00dfe: ca. 13 x 21 cm<\/p>\n","protected":false},"excerpt":{"rendered":"<p>Das sollte in keinem Nagerheim fehlen! Die Echtholz-Weidenbr\u00fccken sind tolle Verwandlungsk\u00fcnstler: Ob Br\u00fccke, H\u00e4uschen, Tunnelr\u00f6hre, H\u00f6hle, H\u00e4ngebr\u00fccke, Leiter, es darf sogar geknabbert werden &#8211; so vielseitig kann dieses Nagerzubeh\u00f6r sein! 100% nat\u00fcrlich! Ma\u00dfe: ca. 13 x 21 cm<\/p>\n","protected":false},"featured_media":13936,"comment_status":"closed","ping_status":"open","template":"","meta":[],"product_cat":[14284],"product_tag":[],"class_list":{"0":"post-50829","1":"product","2":"type-product","3":"status-publish","4":"has-post-thumbnail","6":"product_cat-tunnel-hoehlen-bruecken-ausstattung-zubehoer-kleintierwelt","8":"first","9":"instock","10":"taxable","11":"shipping-taxable","12":"purchasable","13":"product-type-simple"},"_links":{"self":[{"href":"https:\/\/all-pets.de\/shop\/wp-json\/wp\/v2\/product\/50829","targetHints":{"allow":["GET"]}}],"collection":[{"href":"https:\/\/all-pets.de\/shop\/wp-json\/wp\/v2\/product"}],"about":[{"href":"https:\/\/all-pets.de\/shop\/wp-json\/wp\/v2\/types\/product"}],"replies":[{"embeddable":true,"href":"https:\/\/all-pets.de\/shop\/wp-json\/wp\/v2\/comments?post=50829"}],"wp:featuredmedia":[{"embeddable":true,"href":"https:\/\/all-pets.de\/shop\/wp-json\/wp\/v2\/media\/13936"}],"wp:attachment":[{"href":"https:\/\/all-pets.de\/shop\/wp-json\/wp\/v2\/media?parent=50829"}],"wp:term":[{"taxonomy":"product_cat","embeddable":true,"href":"https:\/\/all-pets.de\/shop\/wp-json\/wp\/v2\/product_cat?post=50829"},{"taxonomy":"product_tag","embeddable":true,"href":"https:\/\/all-pets.de\/shop\/wp-json\/wp\/v2\/product_tag?post=50829"}],"curies":[{"name":"wp","href":"https:\/\/api.w.org\/{rel}","templated":true}]}}