{"id":50830,"date":"2023-12-12T12:36:38","date_gmt":"2023-12-12T11:36:38","guid":{"rendered":"https:\/\/pet-shopping.de\/shop\/produkt\/pet-star-liegekissen-sleepy-l\/"},"modified":"2023-12-12T12:36:38","modified_gmt":"2023-12-12T11:36:38","slug":"pet-star-liegekissen-sleepy-l","status":"publish","type":"product","link":"https:\/\/all-pets.de\/shop\/produkt\/pet-star-liegekissen-sleepy-l\/","title":{"rendered":"Pet-Star Liegekissen SLEEPY &#8211; L"},"content":{"rendered":"<div>Das Luxus-Liegekissen SLEEPY von Pet-Star ist ein Traum f\u00fcr jeden Hund. <\/p>\n<p> Im Inneren besteht das Kissen in der unteren H\u00e4lfte aus einem stabilen Schaumstoff. In der oberen H\u00e4lfte direkt unter der Liegefl\u00e4che ist nochmal ein weiches Kissen f\u00fcr Extra-Komfort. <\/p>\n<p> Die Liegefl\u00e4che ist aus weichem Lammfell-Imitat. Die Seiten sind mit Velour-Stoff bespannt und an der Unterseite ist das Kissen mit kleinen Haftnoppen versehen, damit das Kissen auch auf glattem Untergrund an seinem Platz bleibt. <\/p>\n<p> Der Bezug ist mit einem Reisverschluss versehen und l\u00e4sst sich somit einfach abziehen und waschen.<\/p><\/div>\n<div>\u00a0<\/div>\n<div>Ma\u00dfe: 76 x 22 x 47 cm (Breite x H\u00f6he x Tiefe)\u00a0<\/div>\n","protected":false},"excerpt":{"rendered":"<p>Das Luxus-Liegekissen SLEEPY von Pet-Star ist ein Traum f\u00fcr jeden Hund. Im Inneren besteht das Kissen in der unteren H\u00e4lfte aus einem stabilen Schaumstoff. In der oberen H\u00e4lfte direkt unter der Liegefl\u00e4che ist nochmal ein weiches Kissen f\u00fcr Extra-Komfort. Die Liegefl\u00e4che ist aus weichem Lammfell-Imitat. Die Seiten sind mit Velour-Stoff bespannt und an der Unterseite [&hellip;]<\/p>\n","protected":false},"featured_media":14019,"comment_status":"closed","ping_status":"open","template":"","meta":[],"product_cat":[15219],"product_tag":[],"class_list":{"0":"post-50830","1":"product","2":"type-product","3":"status-publish","4":"has-post-thumbnail","6":"product_cat-katzenkissen-katzenbetten-katzenkoerbe-hundebetten-hundekissenkatzenwelt","8":"first","9":"instock","10":"taxable","11":"shipping-taxable","12":"purchasable","13":"product-type-simple"},"_links":{"self":[{"href":"https:\/\/all-pets.de\/shop\/wp-json\/wp\/v2\/product\/50830","targetHints":{"allow":["GET"]}}],"collection":[{"href":"https:\/\/all-pets.de\/shop\/wp-json\/wp\/v2\/product"}],"about":[{"href":"https:\/\/all-pets.de\/shop\/wp-json\/wp\/v2\/types\/product"}],"replies":[{"embeddable":true,"href":"https:\/\/all-pets.de\/shop\/wp-json\/wp\/v2\/comments?post=50830"}],"wp:featuredmedia":[{"embeddable":true,"href":"https:\/\/all-pets.de\/shop\/wp-json\/wp\/v2\/media\/14019"}],"wp:attachment":[{"href":"https:\/\/all-pets.de\/shop\/wp-json\/wp\/v2\/media?parent=50830"}],"wp:term":[{"taxonomy":"product_cat","embeddable":true,"href":"https:\/\/all-pets.de\/shop\/wp-json\/wp\/v2\/product_cat?post=50830"},{"taxonomy":"product_tag","embeddable":true,"href":"https:\/\/all-pets.de\/shop\/wp-json\/wp\/v2\/product_tag?post=50830"}],"curies":[{"name":"wp","href":"https:\/\/api.w.org\/{rel}","templated":true}]}}