{"id":50851,"date":"2023-12-12T12:36:43","date_gmt":"2023-12-12T11:36:43","guid":{"rendered":"https:\/\/pet-shopping.de\/shop\/produkt\/karlie-smart-top-lounge-116-cm\/"},"modified":"2023-12-12T12:36:43","modified_gmt":"2023-12-12T11:36:43","slug":"karlie-smart-top-lounge-116-cm","status":"publish","type":"product","link":"https:\/\/all-pets.de\/shop\/produkt\/karlie-smart-top-lounge-116-cm\/","title":{"rendered":"Karlie SMART TOP LOUNGE &#8211; 116 cm"},"content":{"rendered":"<p>In diesem Laufstall sind Ihre Welpen sicher untergebracht! Smart Top Lounge ist praktisch f\u00fcr unterwegs und auf Reisen und nat\u00fcrlich auch f\u00fcr zu Hause. Geeignet f\u00fcr In- und Outdoor. Durch das geringe Eigengewicht leicht zu transportieren, schnell aufgebaut durch pop-up-Aufbau und genauso schnell und platzsparend zusammenlegbar. Das strapazierf\u00e4hige Nylonmaterial ist von innen abwaschbar. F\u00fcr einen freien Auslauf gibt es zwei verschlie\u00dfbare Ausg\u00e4nge. Mit vielen praktischen Details, wie Flaschenhalterung, Utensilientasche, Sicherheitsnetz, Bodenheringen, passender Tragetasche.<\/p>\n<p> Gr\u00f6\u00dfe: 116 x 116 x 48 cm <br \/> Farbe: Grau-Schwarz<\/p>\n","protected":false},"excerpt":{"rendered":"<p>In diesem Laufstall sind Ihre Welpen sicher untergebracht! Smart Top Lounge ist praktisch f\u00fcr unterwegs und auf Reisen und nat\u00fcrlich auch f\u00fcr zu Hause. Geeignet f\u00fcr In- und Outdoor. Durch das geringe Eigengewicht leicht zu transportieren, schnell aufgebaut durch pop-up-Aufbau und genauso schnell und platzsparend zusammenlegbar. Das strapazierf\u00e4hige Nylonmaterial ist von innen abwaschbar. F\u00fcr einen [&hellip;]<\/p>\n","protected":false},"featured_media":14194,"comment_status":"closed","ping_status":"open","template":"","meta":[],"product_cat":[15437],"product_tag":[],"class_list":{"0":"post-50851","1":"product","2":"type-product","3":"status-publish","4":"has-post-thumbnail","6":"product_cat-falthuetten","8":"first","9":"instock","10":"taxable","11":"shipping-taxable","12":"purchasable","13":"product-type-simple"},"_links":{"self":[{"href":"https:\/\/all-pets.de\/shop\/wp-json\/wp\/v2\/product\/50851","targetHints":{"allow":["GET"]}}],"collection":[{"href":"https:\/\/all-pets.de\/shop\/wp-json\/wp\/v2\/product"}],"about":[{"href":"https:\/\/all-pets.de\/shop\/wp-json\/wp\/v2\/types\/product"}],"replies":[{"embeddable":true,"href":"https:\/\/all-pets.de\/shop\/wp-json\/wp\/v2\/comments?post=50851"}],"wp:featuredmedia":[{"embeddable":true,"href":"https:\/\/all-pets.de\/shop\/wp-json\/wp\/v2\/media\/14194"}],"wp:attachment":[{"href":"https:\/\/all-pets.de\/shop\/wp-json\/wp\/v2\/media?parent=50851"}],"wp:term":[{"taxonomy":"product_cat","embeddable":true,"href":"https:\/\/all-pets.de\/shop\/wp-json\/wp\/v2\/product_cat?post=50851"},{"taxonomy":"product_tag","embeddable":true,"href":"https:\/\/all-pets.de\/shop\/wp-json\/wp\/v2\/product_tag?post=50851"}],"curies":[{"name":"wp","href":"https:\/\/api.w.org\/{rel}","templated":true}]}}