{"id":50853,"date":"2023-12-12T12:36:46","date_gmt":"2023-12-12T11:36:46","guid":{"rendered":"https:\/\/pet-shopping.de\/shop\/produkt\/karlie-vogelspielplatz-play-point-gross\/"},"modified":"2023-12-12T12:36:46","modified_gmt":"2023-12-12T11:36:46","slug":"karlie-vogelspielplatz-play-point-gross","status":"publish","type":"product","link":"https:\/\/all-pets.de\/shop\/produkt\/karlie-vogelspielplatz-play-point-gross\/","title":{"rendered":"Karlie Vogelspielplatz PLAY POINT &#8211; Gro\u00df"},"content":{"rendered":"<div>Der Spielspa\u00df f\u00fcr Ihren Vogel!<\/p>\n<p>Mit dem Play Point Vogelspielplatz aus Holz wird Ihrem Vogel sicher nicht langweilig!<\/p><\/div>\n<div>\u00a0<br \/> Ma\u00dfe: ca. 35 x 25 x 27 cm (LxBxH)<\/div>\n","protected":false},"excerpt":{"rendered":"<p>Der Spielspa\u00df f\u00fcr Ihren Vogel! Mit dem Play Point Vogelspielplatz aus Holz wird Ihrem Vogel sicher nicht langweilig! \u00a0 Ma\u00dfe: ca. 35 x 25 x 27 cm (LxBxH)<\/p>\n","protected":false},"featured_media":15255,"comment_status":"closed","ping_status":"open","template":"","meta":[],"product_cat":[15438],"product_tag":[],"class_list":{"0":"post-50853","1":"product","2":"type-product","3":"status-publish","4":"has-post-thumbnail","6":"product_cat-spielzeug-ausstattung-zubehoer-sitzstangenvogelwelt","8":"first","9":"instock","10":"taxable","11":"shipping-taxable","12":"purchasable","13":"product-type-simple"},"_links":{"self":[{"href":"https:\/\/all-pets.de\/shop\/wp-json\/wp\/v2\/product\/50853","targetHints":{"allow":["GET"]}}],"collection":[{"href":"https:\/\/all-pets.de\/shop\/wp-json\/wp\/v2\/product"}],"about":[{"href":"https:\/\/all-pets.de\/shop\/wp-json\/wp\/v2\/types\/product"}],"replies":[{"embeddable":true,"href":"https:\/\/all-pets.de\/shop\/wp-json\/wp\/v2\/comments?post=50853"}],"wp:featuredmedia":[{"embeddable":true,"href":"https:\/\/all-pets.de\/shop\/wp-json\/wp\/v2\/media\/15255"}],"wp:attachment":[{"href":"https:\/\/all-pets.de\/shop\/wp-json\/wp\/v2\/media?parent=50853"}],"wp:term":[{"taxonomy":"product_cat","embeddable":true,"href":"https:\/\/all-pets.de\/shop\/wp-json\/wp\/v2\/product_cat?post=50853"},{"taxonomy":"product_tag","embeddable":true,"href":"https:\/\/all-pets.de\/shop\/wp-json\/wp\/v2\/product_tag?post=50853"}],"curies":[{"name":"wp","href":"https:\/\/api.w.org\/{rel}","templated":true}]}}