{"id":50859,"date":"2023-12-12T12:36:46","date_gmt":"2023-12-12T11:36:46","guid":{"rendered":"https:\/\/pet-shopping.de\/shop\/produkt\/nerf-dog-tennisball-mit-quietscher-m-3er-set\/"},"modified":"2023-12-12T12:36:48","modified_gmt":"2023-12-12T11:36:48","slug":"nerf-dog-tennisball-mit-quietscher-m-3er-set","status":"publish","type":"product","link":"https:\/\/all-pets.de\/shop\/produkt\/nerf-dog-tennisball-mit-quietscher-m-3er-set\/","title":{"rendered":"NERF DOG Tennisball mit Quietscher &#8211; M \/ 3er Set"},"content":{"rendered":"<p>Die NERF DOG Hundespielzeuge vereinen optimales und funktionales Design mit speziellen Materialien, die eine intensive Nutzung \u00fcber einen langen Zeitraum erlauben. Dabei stellen unter anderem eine F\u00fcllung aus Polycotton, Naturkautschuk und 3-fache Nylonn\u00e4hte stundenlangen Spa\u00df mit einem Qualit\u00e4tsspielzeug sicher.<\/p>\n<p>Die Tennisb\u00e4lle mit Quietsch-Ger\u00e4usch sind das ideale Spielzeug f\u00fcr alle Vierbeiner, die verr\u00fcckt nach Ballspielen sind. Die Tennisb\u00e4lle sind in vier verschiedenen Durchmessern erh\u00e4ltlich, so dass f\u00fcr jeden Hund die optimale Gr\u00f6\u00dfe dabei ist.<\/p>\n<p>Gr\u00f6\u00dfe M: ca. 6,4 cm Durchmesser<br \/> Anzahl: 3 St\u00fcck<\/p>\n","protected":false},"excerpt":{"rendered":"<p>Die NERF DOG Hundespielzeuge vereinen optimales und funktionales Design mit speziellen Materialien, die eine intensive Nutzung \u00fcber einen langen Zeitraum erlauben. Dabei stellen unter anderem eine F\u00fcllung aus Polycotton, Naturkautschuk und 3-fache Nylonn\u00e4hte stundenlangen Spa\u00df mit einem Qualit\u00e4tsspielzeug sicher. Die Tennisb\u00e4lle mit Quietsch-Ger\u00e4usch sind das ideale Spielzeug f\u00fcr alle Vierbeiner, die verr\u00fcckt nach Ballspielen sind. [&hellip;]<\/p>\n","protected":false},"featured_media":15429,"comment_status":"closed","ping_status":"open","template":"","meta":[],"product_cat":[13769],"product_tag":[],"class_list":{"0":"post-50859","1":"product","2":"type-product","3":"status-publish","4":"has-post-thumbnail","6":"product_cat-hundebaelle","8":"first","9":"instock","10":"taxable","11":"shipping-taxable","12":"purchasable","13":"product-type-simple"},"_links":{"self":[{"href":"https:\/\/all-pets.de\/shop\/wp-json\/wp\/v2\/product\/50859","targetHints":{"allow":["GET"]}}],"collection":[{"href":"https:\/\/all-pets.de\/shop\/wp-json\/wp\/v2\/product"}],"about":[{"href":"https:\/\/all-pets.de\/shop\/wp-json\/wp\/v2\/types\/product"}],"replies":[{"embeddable":true,"href":"https:\/\/all-pets.de\/shop\/wp-json\/wp\/v2\/comments?post=50859"}],"wp:featuredmedia":[{"embeddable":true,"href":"https:\/\/all-pets.de\/shop\/wp-json\/wp\/v2\/media\/15429"}],"wp:attachment":[{"href":"https:\/\/all-pets.de\/shop\/wp-json\/wp\/v2\/media?parent=50859"}],"wp:term":[{"taxonomy":"product_cat","embeddable":true,"href":"https:\/\/all-pets.de\/shop\/wp-json\/wp\/v2\/product_cat?post=50859"},{"taxonomy":"product_tag","embeddable":true,"href":"https:\/\/all-pets.de\/shop\/wp-json\/wp\/v2\/product_tag?post=50859"}],"curies":[{"name":"wp","href":"https:\/\/api.w.org\/{rel}","templated":true}]}}