{"id":50879,"date":"2023-12-12T12:36:51","date_gmt":"2023-12-12T11:36:51","guid":{"rendered":"https:\/\/pet-shopping.de\/shop\/produkt\/karlie-flamingo-liegedecke-cuddly-150-x-100-cm-taupe\/"},"modified":"2023-12-12T12:36:52","modified_gmt":"2023-12-12T11:36:52","slug":"karlie-flamingo-liegedecke-cuddly-150-x-100-cm-taupe","status":"publish","type":"product","link":"https:\/\/all-pets.de\/shop\/produkt\/karlie-flamingo-liegedecke-cuddly-150-x-100-cm-taupe\/","title":{"rendered":"Karlie Flamingo Liegedecke Cuddly &#8211; 150 x 100 cm &#8211; Taupe"},"content":{"rendered":"<p>Die Liegedecke Cuddly ist auf einer Seite mit super softem Kuschelpl\u00fcsch bezogen und l\u00e4dt zum Schmusen und Tr\u00e4umen ein.<\/p>\n<p>Die Decke kann bei 30\u00b0C gereingt werden und hat eine stattliche Gr\u00f6\u00dfe von ca. 150 x 100 cm.<\/p>\n<p>Farbe: taupe<\/p>\n","protected":false},"excerpt":{"rendered":"<p>Die Liegedecke Cuddly ist auf einer Seite mit super softem Kuschelpl\u00fcsch bezogen und l\u00e4dt zum Schmusen und Tr\u00e4umen ein. Die Decke kann bei 30\u00b0C gereingt werden und hat eine stattliche Gr\u00f6\u00dfe von ca. 150 x 100 cm. Farbe: taupe<\/p>\n","protected":false},"featured_media":15583,"comment_status":"closed","ping_status":"open","template":"","meta":[],"product_cat":[14034],"product_tag":[],"class_list":{"0":"post-50879","1":"product","2":"type-product","3":"status-publish","4":"has-post-thumbnail","6":"product_cat-liegedecken-betten-koerbe","8":"first","9":"instock","10":"taxable","11":"shipping-taxable","12":"purchasable","13":"product-type-simple"},"_links":{"self":[{"href":"https:\/\/all-pets.de\/shop\/wp-json\/wp\/v2\/product\/50879","targetHints":{"allow":["GET"]}}],"collection":[{"href":"https:\/\/all-pets.de\/shop\/wp-json\/wp\/v2\/product"}],"about":[{"href":"https:\/\/all-pets.de\/shop\/wp-json\/wp\/v2\/types\/product"}],"replies":[{"embeddable":true,"href":"https:\/\/all-pets.de\/shop\/wp-json\/wp\/v2\/comments?post=50879"}],"wp:featuredmedia":[{"embeddable":true,"href":"https:\/\/all-pets.de\/shop\/wp-json\/wp\/v2\/media\/15583"}],"wp:attachment":[{"href":"https:\/\/all-pets.de\/shop\/wp-json\/wp\/v2\/media?parent=50879"}],"wp:term":[{"taxonomy":"product_cat","embeddable":true,"href":"https:\/\/all-pets.de\/shop\/wp-json\/wp\/v2\/product_cat?post=50879"},{"taxonomy":"product_tag","embeddable":true,"href":"https:\/\/all-pets.de\/shop\/wp-json\/wp\/v2\/product_tag?post=50879"}],"curies":[{"name":"wp","href":"https:\/\/api.w.org\/{rel}","templated":true}]}}