{"id":50881,"date":"2023-12-12T12:36:51","date_gmt":"2023-12-12T11:36:51","guid":{"rendered":"https:\/\/pet-shopping.de\/shop\/produkt\/lebon-orthomatte-momo-80-x-50cm\/"},"modified":"2023-12-12T12:36:52","modified_gmt":"2023-12-12T11:36:52","slug":"lebon-orthomatte-momo-80-x-50cm","status":"publish","type":"product","link":"https:\/\/all-pets.de\/shop\/produkt\/lebon-orthomatte-momo-80-x-50cm\/","title":{"rendered":"Lebon Orthomatte Momo &#8211; 80 x 50cm"},"content":{"rendered":"<p>Die robusten Orthomatten Momo sind flexibel einsetzbar, ob Zuhause, im Auto oder unterwegs.<\/p>\n<p>Die Oberfl\u00e4che sorgt f\u00fcr ein flauschiges Gef\u00fchl und eine warme Liegefl\u00e4che. Das Material ist sehr kuschelig und besonders weich (Schafsfellimitat).<br \/> Der Boden ist mit einer Antirutschfunktion ausgestattet und strapazierf\u00e4hig. Die Reinigung ist m\u00f6glich durch einfaches Absaugen oder Waschen in der Maschine bis 30\u00b0.<br \/> Die Orthomatten sind stabil und formbest\u00e4ndig, erf\u00fcllen damit h\u00f6chste Anspr\u00fcche.<br \/> Diese orthop\u00e4dischen Matten haben die besondere Eigenschaft des Memory Effekt (Visco- bzw. Memory\u00a0 Foam).\u00a0 <\/p>\n<p>Durch den inneren Kern werden Gelenke, Knochen und insbesondere die Wirbels\u00e4ule Ihres\u00a0 Hundes\u00a0 geschont.\u00a0 <\/p>\n<p>Der hundertprozentige orthop\u00e4dische Liegekern passt sich dem K\u00f6rper des Hundes an und entlastet somit alle sehr beanspruchten Druckstellen. Nach kurzer Zeit nimmt das Material seine Ursprungsform wieder an. <\/p>\n<p>Pr\u00e4ventiv bei jungen oder bereits \u00e4lteren Hunden bietet die visco-elastische Auflage die perfekte Beschaffenheit, um die Gelenke zu schonen. <\/p>\n<ul>\n<li>Entlastet Druckstellen<\/li>\n<li>Gelenk- und Wirbels\u00e4ulen-schonender Schlaf<\/li>\n<li>Extra dicke Liegefl\u00e4che<\/li>\n<li>Passt sich dem K\u00f6rper an<\/li>\n<li>Rei\u00dfverschluss<\/li>\n<li>Bezug maschinenwaschbar bis 30\u00b0C<\/li>\n<li>Strapazierf\u00e4hig<\/li>\n<li>Hochwertig verarbeitet <\/li>\n<\/ul>\n<p>Gr\u00f6\u00dfe: 80 x 50 cm<\/p><\/p>\n","protected":false},"excerpt":{"rendered":"<p>Die robusten Orthomatten Momo sind flexibel einsetzbar, ob Zuhause, im Auto oder unterwegs. Die Oberfl\u00e4che sorgt f\u00fcr ein flauschiges Gef\u00fchl und eine warme Liegefl\u00e4che. Das Material ist sehr kuschelig und besonders weich (Schafsfellimitat). Der Boden ist mit einer Antirutschfunktion ausgestattet und strapazierf\u00e4hig. Die Reinigung ist m\u00f6glich durch einfaches Absaugen oder Waschen in der Maschine bis [&hellip;]<\/p>\n","protected":false},"featured_media":15606,"comment_status":"closed","ping_status":"open","template":"","meta":[],"product_cat":[15113],"product_tag":[],"class_list":{"0":"post-50881","1":"product","2":"type-product","3":"status-publish","4":"has-post-thumbnail","6":"product_cat-hundebetten-hundekissen-betten-koerbe","8":"first","9":"instock","10":"taxable","11":"shipping-taxable","12":"purchasable","13":"product-type-simple"},"_links":{"self":[{"href":"https:\/\/all-pets.de\/shop\/wp-json\/wp\/v2\/product\/50881","targetHints":{"allow":["GET"]}}],"collection":[{"href":"https:\/\/all-pets.de\/shop\/wp-json\/wp\/v2\/product"}],"about":[{"href":"https:\/\/all-pets.de\/shop\/wp-json\/wp\/v2\/types\/product"}],"replies":[{"embeddable":true,"href":"https:\/\/all-pets.de\/shop\/wp-json\/wp\/v2\/comments?post=50881"}],"wp:featuredmedia":[{"embeddable":true,"href":"https:\/\/all-pets.de\/shop\/wp-json\/wp\/v2\/media\/15606"}],"wp:attachment":[{"href":"https:\/\/all-pets.de\/shop\/wp-json\/wp\/v2\/media?parent=50881"}],"wp:term":[{"taxonomy":"product_cat","embeddable":true,"href":"https:\/\/all-pets.de\/shop\/wp-json\/wp\/v2\/product_cat?post=50881"},{"taxonomy":"product_tag","embeddable":true,"href":"https:\/\/all-pets.de\/shop\/wp-json\/wp\/v2\/product_tag?post=50881"}],"curies":[{"name":"wp","href":"https:\/\/api.w.org\/{rel}","templated":true}]}}