{"id":50889,"date":"2023-12-12T12:36:54","date_gmt":"2023-12-12T11:36:54","guid":{"rendered":"https:\/\/pet-shopping.de\/shop\/produkt\/trixie-kratzbaum-xxl-klara-creme\/"},"modified":"2023-12-12T12:36:54","modified_gmt":"2023-12-12T11:36:54","slug":"trixie-kratzbaum-xxl-klara-creme","status":"publish","type":"product","link":"https:\/\/all-pets.de\/shop\/produkt\/trixie-kratzbaum-xxl-klara-creme\/","title":{"rendered":"Trixie Kratzbaum XXL Klara &#8211; Creme"},"content":{"rendered":"<ul>\n<li> besonders f\u00fcr gro\u00dfe Katzen geeignet <\/li>\n<li> mit sehr hochwertigem Pl\u00fcsch-Bezug (Polyester) <\/li>\n<li> Stamm mit extra dickem Natursisal umwickelt <\/li>\n<li> Kuschelbett mit gepolstertem Rand <\/li>\n<li> mit befestigtem Wendekissen: Handw\u00e4sche <\/li>\n<li> dicke, schwere Bodenplatte <\/li>\n<li> mit extra dickem Spieltau aus Sisal <\/li>\n<li>Grundfl\u00e4che: ca. 60 x 60 cm<\/li>\n<li>Stammdurchmesser: ca. 20 cm<\/li>\n<li>H\u00f6he: ca. 100 cm<\/li>\n<li>Farbe: Creme<\/li>\n<\/ul>\n","protected":false},"excerpt":{"rendered":"<p>besonders f\u00fcr gro\u00dfe Katzen geeignet mit sehr hochwertigem Pl\u00fcsch-Bezug (Polyester) Stamm mit extra dickem Natursisal umwickelt Kuschelbett mit gepolstertem Rand mit befestigtem Wendekissen: Handw\u00e4sche dicke, schwere Bodenplatte mit extra dickem Spieltau aus Sisal Grundfl\u00e4che: ca. 60 x 60 cm Stammdurchmesser: ca. 20 cm H\u00f6he: ca. 100 cm Farbe: Creme<\/p>\n","protected":false},"featured_media":15638,"comment_status":"closed","ping_status":"open","template":"","meta":[],"product_cat":[15443],"product_tag":[],"class_list":{"0":"post-50889","1":"product","2":"type-product","3":"status-publish","4":"has-post-thumbnail","6":"product_cat-kratzbaum-fuer-grosse-katzen-kratzbaeume-moebel-bis-100-cmkatzenwelt","8":"first","9":"instock","10":"taxable","11":"shipping-taxable","12":"purchasable","13":"product-type-simple"},"_links":{"self":[{"href":"https:\/\/all-pets.de\/shop\/wp-json\/wp\/v2\/product\/50889","targetHints":{"allow":["GET"]}}],"collection":[{"href":"https:\/\/all-pets.de\/shop\/wp-json\/wp\/v2\/product"}],"about":[{"href":"https:\/\/all-pets.de\/shop\/wp-json\/wp\/v2\/types\/product"}],"replies":[{"embeddable":true,"href":"https:\/\/all-pets.de\/shop\/wp-json\/wp\/v2\/comments?post=50889"}],"wp:featuredmedia":[{"embeddable":true,"href":"https:\/\/all-pets.de\/shop\/wp-json\/wp\/v2\/media\/15638"}],"wp:attachment":[{"href":"https:\/\/all-pets.de\/shop\/wp-json\/wp\/v2\/media?parent=50889"}],"wp:term":[{"taxonomy":"product_cat","embeddable":true,"href":"https:\/\/all-pets.de\/shop\/wp-json\/wp\/v2\/product_cat?post=50889"},{"taxonomy":"product_tag","embeddable":true,"href":"https:\/\/all-pets.de\/shop\/wp-json\/wp\/v2\/product_tag?post=50889"}],"curies":[{"name":"wp","href":"https:\/\/api.w.org\/{rel}","templated":true}]}}