{"id":50896,"date":"2023-12-12T12:36:54","date_gmt":"2023-12-12T11:36:54","guid":{"rendered":"https:\/\/pet-shopping.de\/shop\/produkt\/karlie-flamingo-katzentuer-porta-2-wege-verschluss-weiss\/"},"modified":"2023-12-12T12:36:55","modified_gmt":"2023-12-12T11:36:55","slug":"karlie-flamingo-katzentuer-porta-2-wege-verschluss-weiss","status":"publish","type":"product","link":"https:\/\/all-pets.de\/shop\/produkt\/karlie-flamingo-katzentuer-porta-2-wege-verschluss-weiss\/","title":{"rendered":"Karlie Flamingo Katzent\u00fcr Porta 2-Wege-Verschluss &#8211; Wei\u00df"},"content":{"rendered":"<p>Die Karlie Katzent\u00fcren Porta erleichtern das Leben von Freig\u00e4nger-Katzen und ihren Besitzern. <\/p>\n<p>Sie bestehen aus einem Rahmen, einem Scharnier sowie einer horizontal befestigten Klappe. Letztgenannte wird vom Tier mit dem Kopf nach vorn geschoben, um dann durch die \u00d6ffnung zu gelangen. So kann die Katze selbst\u00e4ndig und sicher zwischen Haus und Au\u00dfenbereich wechseln. Ein Magnetverschluss und eine B\u00fcrstendichtung machen die Katzent\u00fcr wetterfest und zugluftsicher. Dank des Verschlusssystems kann zudem gesteuert werden, ob die Katze beliebig hinaus- und hineingehen kann oder ob die Nutzung eingeschr\u00e4nkt wird. Die mechanische Katzent\u00fcr mit 2-Wege-Verschluss bietet die Wahl zwischen ge\u00f6ffnet (hinaus und hinein) und geschlossen. <\/p>\n<p>Farbe: wei\u00df<br \/> Au\u00dfenma\u00dfe: 20 x 19,2 cm (HxB)<br \/> Durchgangsma\u00dfe: 17,4 x 16,5 cm (HxB)<\/p>\n","protected":false},"excerpt":{"rendered":"<p>Die Karlie Katzent\u00fcren Porta erleichtern das Leben von Freig\u00e4nger-Katzen und ihren Besitzern. Sie bestehen aus einem Rahmen, einem Scharnier sowie einer horizontal befestigten Klappe. Letztgenannte wird vom Tier mit dem Kopf nach vorn geschoben, um dann durch die \u00d6ffnung zu gelangen. So kann die Katze selbst\u00e4ndig und sicher zwischen Haus und Au\u00dfenbereich wechseln. Ein Magnetverschluss [&hellip;]<\/p>\n","protected":false},"featured_media":8798,"comment_status":"closed","ping_status":"open","template":"","meta":[],"product_cat":[14414],"product_tag":[],"class_list":{"0":"post-50896","1":"product","2":"type-product","3":"status-publish","4":"has-post-thumbnail","6":"product_cat-katzenklappen","8":"first","9":"instock","10":"taxable","11":"shipping-taxable","12":"purchasable","13":"product-type-simple"},"_links":{"self":[{"href":"https:\/\/all-pets.de\/shop\/wp-json\/wp\/v2\/product\/50896","targetHints":{"allow":["GET"]}}],"collection":[{"href":"https:\/\/all-pets.de\/shop\/wp-json\/wp\/v2\/product"}],"about":[{"href":"https:\/\/all-pets.de\/shop\/wp-json\/wp\/v2\/types\/product"}],"replies":[{"embeddable":true,"href":"https:\/\/all-pets.de\/shop\/wp-json\/wp\/v2\/comments?post=50896"}],"wp:featuredmedia":[{"embeddable":true,"href":"https:\/\/all-pets.de\/shop\/wp-json\/wp\/v2\/media\/8798"}],"wp:attachment":[{"href":"https:\/\/all-pets.de\/shop\/wp-json\/wp\/v2\/media?parent=50896"}],"wp:term":[{"taxonomy":"product_cat","embeddable":true,"href":"https:\/\/all-pets.de\/shop\/wp-json\/wp\/v2\/product_cat?post=50896"},{"taxonomy":"product_tag","embeddable":true,"href":"https:\/\/all-pets.de\/shop\/wp-json\/wp\/v2\/product_tag?post=50896"}],"curies":[{"name":"wp","href":"https:\/\/api.w.org\/{rel}","templated":true}]}}