{"id":50919,"date":"2023-12-12T12:36:56","date_gmt":"2023-12-12T11:36:56","guid":{"rendered":"https:\/\/pet-shopping.de\/shop\/produkt\/karlie-fleecy-hundedecke-grau\/"},"modified":"2023-12-12T12:36:59","modified_gmt":"2023-12-12T11:36:59","slug":"karlie-fleecy-hundedecke-grau","status":"publish","type":"product","link":"https:\/\/all-pets.de\/shop\/produkt\/karlie-fleecy-hundedecke-grau\/","title":{"rendered":"Karlie Fleecy Hundedecke &#8211; Grau"},"content":{"rendered":"<p>Die praktische und weiche Fleecy Hundedecke ist ideal f\u00fcr zu Hause und unterwegs. Egal ob zu Hause, im Auto, im Urlaub oder in der Transportbox &#8211; mit der Fleecy Hundedecke hat Ihr Vierbeiner \u00fcberall ein gem\u00fctliches Pl\u00e4tzchen f\u00fcr sich.<\/p>\n<p>An der Unterseite ist eine Anti-Rutsch-Ausstattung, die ein Rutschen auf glatten B\u00f6den vermeidet. Die Decke ist bei 30\u00b0 C waschbar.<\/p>\n<p>Ma\u00dfe: ca. 70 x 95 x 4 cm\u00a0 <br \/> Farbe: Grau<\/p>\n","protected":false},"excerpt":{"rendered":"<p>Die praktische und weiche Fleecy Hundedecke ist ideal f\u00fcr zu Hause und unterwegs. Egal ob zu Hause, im Auto, im Urlaub oder in der Transportbox &#8211; mit der Fleecy Hundedecke hat Ihr Vierbeiner \u00fcberall ein gem\u00fctliches Pl\u00e4tzchen f\u00fcr sich. An der Unterseite ist eine Anti-Rutsch-Ausstattung, die ein Rutschen auf glatten B\u00f6den vermeidet. Die Decke ist [&hellip;]<\/p>\n","protected":false},"featured_media":15771,"comment_status":"closed","ping_status":"open","template":"","meta":[],"product_cat":[14034],"product_tag":[],"class_list":{"0":"post-50919","1":"product","2":"type-product","3":"status-publish","4":"has-post-thumbnail","6":"product_cat-liegedecken-betten-koerbe","8":"first","9":"instock","10":"taxable","11":"shipping-taxable","12":"purchasable","13":"product-type-simple"},"_links":{"self":[{"href":"https:\/\/all-pets.de\/shop\/wp-json\/wp\/v2\/product\/50919","targetHints":{"allow":["GET"]}}],"collection":[{"href":"https:\/\/all-pets.de\/shop\/wp-json\/wp\/v2\/product"}],"about":[{"href":"https:\/\/all-pets.de\/shop\/wp-json\/wp\/v2\/types\/product"}],"replies":[{"embeddable":true,"href":"https:\/\/all-pets.de\/shop\/wp-json\/wp\/v2\/comments?post=50919"}],"wp:featuredmedia":[{"embeddable":true,"href":"https:\/\/all-pets.de\/shop\/wp-json\/wp\/v2\/media\/15771"}],"wp:attachment":[{"href":"https:\/\/all-pets.de\/shop\/wp-json\/wp\/v2\/media?parent=50919"}],"wp:term":[{"taxonomy":"product_cat","embeddable":true,"href":"https:\/\/all-pets.de\/shop\/wp-json\/wp\/v2\/product_cat?post=50919"},{"taxonomy":"product_tag","embeddable":true,"href":"https:\/\/all-pets.de\/shop\/wp-json\/wp\/v2\/product_tag?post=50919"}],"curies":[{"name":"wp","href":"https:\/\/api.w.org\/{rel}","templated":true}]}}