{"id":50934,"date":"2023-12-12T12:37:02","date_gmt":"2023-12-12T11:37:02","guid":{"rendered":"https:\/\/pet-shopping.de\/shop\/produkt\/karlie-plueschspielzeug-ball-mit-motiv-fisch\/"},"modified":"2023-12-12T12:37:03","modified_gmt":"2023-12-12T11:37:03","slug":"karlie-plueschspielzeug-ball-mit-motiv-fisch","status":"publish","type":"product","link":"https:\/\/all-pets.de\/shop\/produkt\/karlie-plueschspielzeug-ball-mit-motiv-fisch\/","title":{"rendered":"Karlie Pl\u00fcschspielzeug Ball mit Motiv &#8211; Fisch"},"content":{"rendered":"<p>Diese niedlichen Spielzeuge aus herrlich weichem Pl\u00fcsch sind tolle Spiel- und Kuschelkameraden f\u00fcr Hunde. Die beiden Phantasietiere sind besonders f\u00fcr Hunde geeignet, die gerne schmusen und ein weniger ausgepr\u00e4gtes Kaubed\u00fcrfnis besitzen. Zum Zerkauen sind die kleinen Kuschelfreunde n\u00e4mlich viel zu schade. Sie sind mit weicher F\u00fcllwatte gef\u00fcllt und in zwei Varianten erh\u00e4ltlich. Sie lassen sich per Hand in lauwarmen Wasser waschen.<\/p>\n<p>Gr\u00f6\u00dfe: ca. 11 x 10 x 11 cm<\/p>\n","protected":false},"excerpt":{"rendered":"<p>Diese niedlichen Spielzeuge aus herrlich weichem Pl\u00fcsch sind tolle Spiel- und Kuschelkameraden f\u00fcr Hunde. Die beiden Phantasietiere sind besonders f\u00fcr Hunde geeignet, die gerne schmusen und ein weniger ausgepr\u00e4gtes Kaubed\u00fcrfnis besitzen. Zum Zerkauen sind die kleinen Kuschelfreunde n\u00e4mlich viel zu schade. Sie sind mit weicher F\u00fcllwatte gef\u00fcllt und in zwei Varianten erh\u00e4ltlich. Sie lassen sich [&hellip;]<\/p>\n","protected":false},"featured_media":15852,"comment_status":"closed","ping_status":"open","template":"","meta":[],"product_cat":[14816],"product_tag":[],"class_list":{"0":"post-50934","1":"product","2":"type-product","3":"status-publish","4":"has-post-thumbnail","6":"product_cat-hundebaelle-hundespielzeug-sport-plueschspielzeughundewelt","8":"first","9":"instock","10":"taxable","11":"shipping-taxable","12":"purchasable","13":"product-type-simple"},"_links":{"self":[{"href":"https:\/\/all-pets.de\/shop\/wp-json\/wp\/v2\/product\/50934","targetHints":{"allow":["GET"]}}],"collection":[{"href":"https:\/\/all-pets.de\/shop\/wp-json\/wp\/v2\/product"}],"about":[{"href":"https:\/\/all-pets.de\/shop\/wp-json\/wp\/v2\/types\/product"}],"replies":[{"embeddable":true,"href":"https:\/\/all-pets.de\/shop\/wp-json\/wp\/v2\/comments?post=50934"}],"wp:featuredmedia":[{"embeddable":true,"href":"https:\/\/all-pets.de\/shop\/wp-json\/wp\/v2\/media\/15852"}],"wp:attachment":[{"href":"https:\/\/all-pets.de\/shop\/wp-json\/wp\/v2\/media?parent=50934"}],"wp:term":[{"taxonomy":"product_cat","embeddable":true,"href":"https:\/\/all-pets.de\/shop\/wp-json\/wp\/v2\/product_cat?post=50934"},{"taxonomy":"product_tag","embeddable":true,"href":"https:\/\/all-pets.de\/shop\/wp-json\/wp\/v2\/product_tag?post=50934"}],"curies":[{"name":"wp","href":"https:\/\/api.w.org\/{rel}","templated":true}]}}