{"id":50936,"date":"2023-12-12T12:37:02","date_gmt":"2023-12-12T11:37:02","guid":{"rendered":"https:\/\/pet-shopping.de\/shop\/produkt\/trixie-spieltunnel-zum-ausziehen-gross\/"},"modified":"2023-12-12T12:37:03","modified_gmt":"2023-12-12T11:37:03","slug":"trixie-spieltunnel-zum-ausziehen-gross","status":"publish","type":"product","link":"https:\/\/all-pets.de\/shop\/produkt\/trixie-spieltunnel-zum-ausziehen-gross\/","title":{"rendered":"Trixie Spieltunnel zum Ausziehen &#8211; Gro\u00df"},"content":{"rendered":"<p>Dieser neuartige Spieltunnel f\u00fcr Nager ist aus Kunststoff und ist ausziehbar und formbar. Er ist sehr formstabil und durch seine Wetterfestigkeit auch super f\u00fcr den Outdoor-Bereich geeignet, wo er Schatten spendet und Spielspa\u00df bietet. <\/p>\n<p>Diese Gr\u00f6\u00dfe eignet sich f\u00fcr Ratten, Degus und \u00e4hnlich gro\u00dfe Nager. Er hat einen Durchmesser von ca. 10 cm und eine L\u00e4nge von 19 cm im k\u00fcrzesten Zustand bzw. ca. 75 cm im komplett ausgezogenen Zustand.<\/p>\n<p>Die Farbe kann vom Bild abweichen!<\/p>\n","protected":false},"excerpt":{"rendered":"<p>Dieser neuartige Spieltunnel f\u00fcr Nager ist aus Kunststoff und ist ausziehbar und formbar. Er ist sehr formstabil und durch seine Wetterfestigkeit auch super f\u00fcr den Outdoor-Bereich geeignet, wo er Schatten spendet und Spielspa\u00df bietet. Diese Gr\u00f6\u00dfe eignet sich f\u00fcr Ratten, Degus und \u00e4hnlich gro\u00dfe Nager. Er hat einen Durchmesser von ca. 10 cm und eine [&hellip;]<\/p>\n","protected":false},"featured_media":15877,"comment_status":"closed","ping_status":"open","template":"","meta":[],"product_cat":[14284],"product_tag":[],"class_list":{"0":"post-50936","1":"product","2":"type-product","3":"status-publish","4":"has-post-thumbnail","6":"product_cat-tunnel-hoehlen-bruecken-ausstattung-zubehoer-kleintierwelt","8":"first","9":"instock","10":"taxable","11":"shipping-taxable","12":"purchasable","13":"product-type-simple"},"_links":{"self":[{"href":"https:\/\/all-pets.de\/shop\/wp-json\/wp\/v2\/product\/50936","targetHints":{"allow":["GET"]}}],"collection":[{"href":"https:\/\/all-pets.de\/shop\/wp-json\/wp\/v2\/product"}],"about":[{"href":"https:\/\/all-pets.de\/shop\/wp-json\/wp\/v2\/types\/product"}],"replies":[{"embeddable":true,"href":"https:\/\/all-pets.de\/shop\/wp-json\/wp\/v2\/comments?post=50936"}],"wp:featuredmedia":[{"embeddable":true,"href":"https:\/\/all-pets.de\/shop\/wp-json\/wp\/v2\/media\/15877"}],"wp:attachment":[{"href":"https:\/\/all-pets.de\/shop\/wp-json\/wp\/v2\/media?parent=50936"}],"wp:term":[{"taxonomy":"product_cat","embeddable":true,"href":"https:\/\/all-pets.de\/shop\/wp-json\/wp\/v2\/product_cat?post=50936"},{"taxonomy":"product_tag","embeddable":true,"href":"https:\/\/all-pets.de\/shop\/wp-json\/wp\/v2\/product_tag?post=50936"}],"curies":[{"name":"wp","href":"https:\/\/api.w.org\/{rel}","templated":true}]}}