{"id":50940,"date":"2023-12-12T12:37:04","date_gmt":"2023-12-12T11:37:04","guid":{"rendered":"https:\/\/pet-shopping.de\/shop\/produkt\/dog-comets-ball-stardust-orange\/"},"modified":"2023-12-12T12:37:04","modified_gmt":"2023-12-12T11:37:04","slug":"dog-comets-ball-stardust-orange","status":"publish","type":"product","link":"https:\/\/all-pets.de\/shop\/produkt\/dog-comets-ball-stardust-orange\/","title":{"rendered":"Dog Comets Ball Stardust &#8211; Orange"},"content":{"rendered":"<p><span>Naturkautschuk Ball, springt perfekt, schwimmt und ist sehr langlebig. Z\u00e4hne werden ges\u00e4ubert und das Zahnfleisch wird massiert. Das Ergebnis: Strahlend wei\u00dfe Z\u00e4hne! Hergestellt aus 100% Naturkautschuk. Leicht zu reinigen.<\/span><br \/> <span>\u00a0<\/span><br \/> <strong>\u00dcber 1.000.000 Lichtjahre von uns, weit weg im Universum, hat sich dieser Komet entwickelt, um Ihrem Hund maximalen Spielspa\u00df zu verleihen.<\/strong><br \/> <span>\u00a0<\/span><br \/> <span>\u2022 100% Naturkautschuk<\/span><br \/> <span>\u2022 gut f\u00fcr die Z\u00e4hne<\/span><br \/> <span>\u2022 Springt<\/span><br \/> <span>\u2022 Robust<\/p>\n<p>Durchmesser: ca. 6 cm<\/span><span><br \/> Farbe: Orange<br \/> <\/span><\/p>\n","protected":false},"excerpt":{"rendered":"<p>Naturkautschuk Ball, springt perfekt, schwimmt und ist sehr langlebig. Z\u00e4hne werden ges\u00e4ubert und das Zahnfleisch wird massiert. Das Ergebnis: Strahlend wei\u00dfe Z\u00e4hne! Hergestellt aus 100% Naturkautschuk. Leicht zu reinigen. \u00a0 \u00dcber 1.000.000 Lichtjahre von uns, weit weg im Universum, hat sich dieser Komet entwickelt, um Ihrem Hund maximalen Spielspa\u00df zu verleihen. \u00a0 \u2022 100% Naturkautschuk [&hellip;]<\/p>\n","protected":false},"featured_media":15922,"comment_status":"closed","ping_status":"open","template":"","meta":[],"product_cat":[13769],"product_tag":[],"class_list":{"0":"post-50940","1":"product","2":"type-product","3":"status-publish","4":"has-post-thumbnail","6":"product_cat-hundebaelle","8":"first","9":"instock","10":"taxable","11":"shipping-taxable","12":"purchasable","13":"product-type-simple"},"_links":{"self":[{"href":"https:\/\/all-pets.de\/shop\/wp-json\/wp\/v2\/product\/50940","targetHints":{"allow":["GET"]}}],"collection":[{"href":"https:\/\/all-pets.de\/shop\/wp-json\/wp\/v2\/product"}],"about":[{"href":"https:\/\/all-pets.de\/shop\/wp-json\/wp\/v2\/types\/product"}],"replies":[{"embeddable":true,"href":"https:\/\/all-pets.de\/shop\/wp-json\/wp\/v2\/comments?post=50940"}],"wp:featuredmedia":[{"embeddable":true,"href":"https:\/\/all-pets.de\/shop\/wp-json\/wp\/v2\/media\/15922"}],"wp:attachment":[{"href":"https:\/\/all-pets.de\/shop\/wp-json\/wp\/v2\/media?parent=50940"}],"wp:term":[{"taxonomy":"product_cat","embeddable":true,"href":"https:\/\/all-pets.de\/shop\/wp-json\/wp\/v2\/product_cat?post=50940"},{"taxonomy":"product_tag","embeddable":true,"href":"https:\/\/all-pets.de\/shop\/wp-json\/wp\/v2\/product_tag?post=50940"}],"curies":[{"name":"wp","href":"https:\/\/api.w.org\/{rel}","templated":true}]}}