{"id":50947,"date":"2023-12-12T12:37:04","date_gmt":"2023-12-12T11:37:04","guid":{"rendered":"https:\/\/pet-shopping.de\/shop\/produkt\/karlie-mobile-wassertraenke-drink-max-250-ml\/"},"modified":"2023-12-12T12:37:04","modified_gmt":"2023-12-12T11:37:04","slug":"karlie-mobile-wassertraenke-drink-max-250-ml","status":"publish","type":"product","link":"https:\/\/all-pets.de\/shop\/produkt\/karlie-mobile-wassertraenke-drink-max-250-ml\/","title":{"rendered":"Karlie Mobile Wassertr\u00e4nke Drink Max &#8211; 250 ml"},"content":{"rendered":"<p>&#8230;und der Durst kann kommen! Die tolle Frisch-Wasser-Tr\u00e4nke f\u00fcr unterwegs. Speziell f\u00fcr Hunde im Auto, auf Reisen, beim Training und Wandern. <\/p>\n<p>Fassungsverm\u00f6gen: 250 ml<\/p>\n<p>Eine Farbwahl ist leider nicht m\u00f6glich, da die Farbe je nach Lagerbestand gew\u00e4hlt wird. M\u00f6gliche Farben sind Rot, Blau und Schwarz.<\/p>\n","protected":false},"excerpt":{"rendered":"<p>&#8230;und der Durst kann kommen! Die tolle Frisch-Wasser-Tr\u00e4nke f\u00fcr unterwegs. Speziell f\u00fcr Hunde im Auto, auf Reisen, beim Training und Wandern. Fassungsverm\u00f6gen: 250 ml Eine Farbwahl ist leider nicht m\u00f6glich, da die Farbe je nach Lagerbestand gew\u00e4hlt wird. M\u00f6gliche Farben sind Rot, Blau und Schwarz.<\/p>\n","protected":false},"featured_media":15962,"comment_status":"closed","ping_status":"open","template":"","meta":[],"product_cat":[15451],"product_tag":[],"class_list":{"0":"post-50947","1":"product","2":"type-product","3":"status-publish","4":"has-post-thumbnail","6":"product_cat-reisenaepfe-hundenaepfe-traenken-reisenaepfe-fuer-hundehundewelt-reise-transport-reisenaepfehundewelt-unterwegs-futterspender-traenkenhundewelt","8":"first","9":"instock","10":"taxable","11":"shipping-taxable","12":"purchasable","13":"product-type-simple"},"_links":{"self":[{"href":"https:\/\/all-pets.de\/shop\/wp-json\/wp\/v2\/product\/50947","targetHints":{"allow":["GET"]}}],"collection":[{"href":"https:\/\/all-pets.de\/shop\/wp-json\/wp\/v2\/product"}],"about":[{"href":"https:\/\/all-pets.de\/shop\/wp-json\/wp\/v2\/types\/product"}],"replies":[{"embeddable":true,"href":"https:\/\/all-pets.de\/shop\/wp-json\/wp\/v2\/comments?post=50947"}],"wp:featuredmedia":[{"embeddable":true,"href":"https:\/\/all-pets.de\/shop\/wp-json\/wp\/v2\/media\/15962"}],"wp:attachment":[{"href":"https:\/\/all-pets.de\/shop\/wp-json\/wp\/v2\/media?parent=50947"}],"wp:term":[{"taxonomy":"product_cat","embeddable":true,"href":"https:\/\/all-pets.de\/shop\/wp-json\/wp\/v2\/product_cat?post=50947"},{"taxonomy":"product_tag","embeddable":true,"href":"https:\/\/all-pets.de\/shop\/wp-json\/wp\/v2\/product_tag?post=50947"}],"curies":[{"name":"wp","href":"https:\/\/api.w.org\/{rel}","templated":true}]}}