{"id":50951,"date":"2023-12-12T12:37:06","date_gmt":"2023-12-12T11:37:06","guid":{"rendered":"https:\/\/pet-shopping.de\/shop\/produkt\/versele-laga-nature-meerschweinchen-700-g\/"},"modified":"2023-12-12T12:37:06","modified_gmt":"2023-12-12T11:37:06","slug":"versele-laga-nature-meerschweinchen-700-g","status":"publish","type":"product","link":"https:\/\/all-pets.de\/shop\/produkt\/versele-laga-nature-meerschweinchen-700-g\/","title":{"rendered":"Versele-Laga Nature Meerschweinchen &#8211; 700 g"},"content":{"rendered":"<p><strong><span>Abwechslungsreiche, faserreiche Mischung f\u00fcr Meerschweinchen<\/span><\/strong><\/p>\n<ul>\n<li>Getreidefreie Zusammensetzung mit zus\u00e4tzlichem Gem\u00fcse voller Vitamine und Mineralstoffe<\/li>\n<li>Abwechslungsreiche, faserreiche Mischung voller verschiedener Gr\u00e4ser und Gem\u00fcse<\/li>\n<li>Mit essentiellem Vit. C zur St\u00e4rkung der Abwehrkr\u00e4fte und eine optimale Kondition<\/li>\n<\/ul>\n<div>\n<div><strong>Anwendung<\/strong><br \/> T\u00e4glich das Futter und Trinkwasser erneuern. Je nach Gr\u00f6\u00dfe und Rasse ist f\u00fcr ein Meerschweinchen eine durchschnittliche t\u00e4gliche Futterration von 40 bis 55 g angemessen.<\/p>\n<div id=\"corporatebody_1_CompositionTitleDiv\" class=\"tabTitle\"><strong>Zusammensetzung <\/strong><\/div>\n<p>Pflanzliche Nebenerzeugnisse (Timotheegras, Gr\u00e4ser und Kr\u00e4uter 21%), Gem\u00fcse (Rote Bete 5,5%, gelbe Erbsen 4%, gr\u00fcne Erbsen 12%), Fr\u00fcchte (Hagebutte 1%), Saaten, Mineralstoffe, pflanzliche Eiwei\u00dfextrakte, FOS, Calendula, MOS, Algen, Yucca <\/p>\n<div id=\"corporatebody_1_ComponentAnalysisTitleDiv\" class=\"tabTitle\"> <strong>Analytische Bestandteile<\/strong><\/div>\n<p>Protein 15,0%, Fettgehalt 3,0%, Rohfaser 16,0%, Rohashe 8,0%, Calcium 0,75%, Phosphor 0,6% <\/p>\n<div id=\"corporatebody_1_ToevoegingsMiddelenTitleDiv\" class=\"tabTitle\"> <strong>Zusatzstoffe\/kg:<\/strong><\/p>\n<\/div>\n<div id=\"corporatebody_1_NutritionalInformationTitleDiv\" class=\"tabSubtitle\"><strong>Ern\u00e4hrungsphysiologische Zusatzstoffe<\/strong><\/div>\n<p>Vitamin A 10850 IE, Vitamin D3 1300 IE, Vitamin E 85 mg, Vitamin C 240 mg, 3b103 (Eisen) 108 mg, 3b202 (Jod) 2 mg, E4 (Kupfer) 10 mg, 3b502 (Mangan) 81 mg, 3b603 (Zink) 76 mg, E8 (Selen) 0,21 mg<\/p>\n<div id=\"corporatebody_1_TechnologicalTitleDiv\" class=\"tabSubtitle\"><strong>Technologische Zusatzstoffe<\/strong><\/div>\n<p>Antioxidantien<\/p><\/div>\n<\/div>\n","protected":false},"excerpt":{"rendered":"<p>Abwechslungsreiche, faserreiche Mischung f\u00fcr Meerschweinchen Getreidefreie Zusammensetzung mit zus\u00e4tzlichem Gem\u00fcse voller Vitamine und Mineralstoffe Abwechslungsreiche, faserreiche Mischung voller verschiedener Gr\u00e4ser und Gem\u00fcse Mit essentiellem Vit. C zur St\u00e4rkung der Abwehrkr\u00e4fte und eine optimale Kondition Anwendung T\u00e4glich das Futter und Trinkwasser erneuern. Je nach Gr\u00f6\u00dfe und Rasse ist f\u00fcr ein Meerschweinchen eine durchschnittliche t\u00e4gliche Futterration von [&hellip;]<\/p>\n","protected":false},"featured_media":15973,"comment_status":"closed","ping_status":"open","template":"","meta":[],"product_cat":[15452],"product_tag":[],"class_list":{"0":"post-50951","1":"product","2":"type-product","3":"status-publish","4":"has-post-thumbnail","6":"product_cat-versele-laga-kleintierfutter-snacks-meerschweinchenkleintierwelt-kleintierfutter-snacks","8":"first","9":"instock","10":"taxable","11":"shipping-taxable","12":"purchasable","13":"product-type-simple"},"_links":{"self":[{"href":"https:\/\/all-pets.de\/shop\/wp-json\/wp\/v2\/product\/50951","targetHints":{"allow":["GET"]}}],"collection":[{"href":"https:\/\/all-pets.de\/shop\/wp-json\/wp\/v2\/product"}],"about":[{"href":"https:\/\/all-pets.de\/shop\/wp-json\/wp\/v2\/types\/product"}],"replies":[{"embeddable":true,"href":"https:\/\/all-pets.de\/shop\/wp-json\/wp\/v2\/comments?post=50951"}],"wp:featuredmedia":[{"embeddable":true,"href":"https:\/\/all-pets.de\/shop\/wp-json\/wp\/v2\/media\/15973"}],"wp:attachment":[{"href":"https:\/\/all-pets.de\/shop\/wp-json\/wp\/v2\/media?parent=50951"}],"wp:term":[{"taxonomy":"product_cat","embeddable":true,"href":"https:\/\/all-pets.de\/shop\/wp-json\/wp\/v2\/product_cat?post=50951"},{"taxonomy":"product_tag","embeddable":true,"href":"https:\/\/all-pets.de\/shop\/wp-json\/wp\/v2\/product_tag?post=50951"}],"curies":[{"name":"wp","href":"https:\/\/api.w.org\/{rel}","templated":true}]}}