{"id":50963,"date":"2023-12-12T12:37:08","date_gmt":"2023-12-12T11:37:08","guid":{"rendered":"https:\/\/pet-shopping.de\/shop\/produkt\/karlie-boomer-aqua-football-ca-105-cm\/"},"modified":"2023-12-12T12:37:08","modified_gmt":"2023-12-12T11:37:08","slug":"karlie-boomer-aqua-football-ca-105-cm","status":"publish","type":"product","link":"https:\/\/all-pets.de\/shop\/produkt\/karlie-boomer-aqua-football-ca-105-cm\/","title":{"rendered":"Karlie BOOMER AQUA Football &#8211; ca. 10,5 cm"},"content":{"rendered":"<p>Mit dem Boomer Vollgummi Aqua Football bieten Sie Ihrem Hund stundenlangen Spielspa\u00df im und am Wasser. Mit Hilfe der Kordel l\u00e4sst sich der Football super werfen. Der Ball ist schwimmf\u00e4hig und die Farbe orange ist im Wasser besonders gut sichtbar. Ideal zum Apportieren, Trainieren und Ausbilden. Massiert und pflegt &#8217;spielend&#8216; Gebi\u00df und Z\u00e4hne. Mit Vanille-Aroma.<\/p>\n<p>Boomer Vollgummispielzeuge sorgen f\u00fcr lang anhaltenden Spielspa\u00df. Durch das Vollgummi sind sie &#8218;unschlagbar haltbar&#8216;. Diese robusten Spielzeuge gibt es in verschiedenen Ausf\u00fchrungen. Sei es mit Squeeker oder Glocke, mit oder ohne Aroma oder als schwimmf\u00e4higes Wasserspielzeug. F\u00fcr Abwechslung ist auf jeden Fall gesorgt. <\/p>\n<p>Gr\u00f6\u00dfe: ca. 10,5 cm<\/p>\n<p> Achtung: &#8218;Vollgummi&#8216; ist die Bezeichnung des Materials und bedeutet nicht, dass der Artikel durchgehend aus Vollgummi ist!<\/p>\n","protected":false},"excerpt":{"rendered":"<p>Mit dem Boomer Vollgummi Aqua Football bieten Sie Ihrem Hund stundenlangen Spielspa\u00df im und am Wasser. Mit Hilfe der Kordel l\u00e4sst sich der Football super werfen. Der Ball ist schwimmf\u00e4hig und die Farbe orange ist im Wasser besonders gut sichtbar. Ideal zum Apportieren, Trainieren und Ausbilden. Massiert und pflegt &#8217;spielend&#8216; Gebi\u00df und Z\u00e4hne. Mit Vanille-Aroma. [&hellip;]<\/p>\n","protected":false},"featured_media":16024,"comment_status":"closed","ping_status":"open","template":"","meta":[],"product_cat":[15457],"product_tag":[],"class_list":{"0":"post-50963","1":"product","2":"type-product","3":"status-publish","4":"has-post-thumbnail","6":"product_cat-hundewurfspielzeug-hundespielzeug-sport-aroma-spielzeughundewelt-hundespielzeug-sport-zahnpflegespielzeughundewelt-hundespielzeug-sport-aqua-spielzeughundewelt","8":"first","9":"instock","10":"taxable","11":"shipping-taxable","12":"purchasable","13":"product-type-simple"},"_links":{"self":[{"href":"https:\/\/all-pets.de\/shop\/wp-json\/wp\/v2\/product\/50963","targetHints":{"allow":["GET"]}}],"collection":[{"href":"https:\/\/all-pets.de\/shop\/wp-json\/wp\/v2\/product"}],"about":[{"href":"https:\/\/all-pets.de\/shop\/wp-json\/wp\/v2\/types\/product"}],"replies":[{"embeddable":true,"href":"https:\/\/all-pets.de\/shop\/wp-json\/wp\/v2\/comments?post=50963"}],"wp:featuredmedia":[{"embeddable":true,"href":"https:\/\/all-pets.de\/shop\/wp-json\/wp\/v2\/media\/16024"}],"wp:attachment":[{"href":"https:\/\/all-pets.de\/shop\/wp-json\/wp\/v2\/media?parent=50963"}],"wp:term":[{"taxonomy":"product_cat","embeddable":true,"href":"https:\/\/all-pets.de\/shop\/wp-json\/wp\/v2\/product_cat?post=50963"},{"taxonomy":"product_tag","embeddable":true,"href":"https:\/\/all-pets.de\/shop\/wp-json\/wp\/v2\/product_tag?post=50963"}],"curies":[{"name":"wp","href":"https:\/\/api.w.org\/{rel}","templated":true}]}}