{"id":50964,"date":"2023-12-12T12:37:08","date_gmt":"2023-12-12T11:37:08","guid":{"rendered":"https:\/\/pet-shopping.de\/shop\/produkt\/karlie-boomer-aqua-ring-15-cm\/"},"modified":"2023-12-12T12:37:08","modified_gmt":"2023-12-12T11:37:08","slug":"karlie-boomer-aqua-ring-15-cm","status":"publish","type":"product","link":"https:\/\/all-pets.de\/shop\/produkt\/karlie-boomer-aqua-ring-15-cm\/","title":{"rendered":"Karlie BOOMER AQUA Ring &#8211; 15 cm"},"content":{"rendered":"<p>F\u00fcr besonders viel Spa\u00df am und im Wasser sorgt der schwimmf\u00e4hige Boomer Aqua Ring aus nat\u00fcrlichem Vollgummi. Nebenbei werden Gebiss und Z\u00e4hne &#8217;spielend&#8216; massiert und gepflegt. Ideal auch zum Apportieren, Trainieren und Ausbilden. Durch die orange Farbe besonders gut sichtbar im Wasser. Mit Vanille-Aroma.<\/p>\n<p>Boomer Vollgummispielzeuge sorgen f\u00fcr lang anhaltenden Spielspa\u00df. Durch das Vollgummi sind sie &#8218;unschlagbar haltbar&#8216;. Diese robusten Spielzeuge gibt es in verschiedenen Ausf\u00fchrungen. Sei es mit Squeeker oder Glocke, mit oder ohne Aroma oder als schwimmf\u00e4higes Wasserspielzeug. F\u00fcr Abwechslung ist auf jeden Fall gesorgt. <\/p>\n<p>Durchmesser: ca. 15 cm<\/p>\n<p> Achtung: &#8218;Vollgummi&#8216; ist die Bezeichnung des Materials und bedeutet nicht, dass der Artikel durchgehend aus Vollgummi ist!<\/p>\n","protected":false},"excerpt":{"rendered":"<p>F\u00fcr besonders viel Spa\u00df am und im Wasser sorgt der schwimmf\u00e4hige Boomer Aqua Ring aus nat\u00fcrlichem Vollgummi. Nebenbei werden Gebiss und Z\u00e4hne &#8217;spielend&#8216; massiert und gepflegt. Ideal auch zum Apportieren, Trainieren und Ausbilden. Durch die orange Farbe besonders gut sichtbar im Wasser. Mit Vanille-Aroma. Boomer Vollgummispielzeuge sorgen f\u00fcr lang anhaltenden Spielspa\u00df. Durch das Vollgummi sind [&hellip;]<\/p>\n","protected":false},"featured_media":16030,"comment_status":"closed","ping_status":"open","template":"","meta":[],"product_cat":[15458],"product_tag":[],"class_list":{"0":"post-50964","1":"product","2":"type-product","3":"status-publish","4":"has-post-thumbnail","6":"product_cat-zahnpflegespielzeug-hundespielzeug-sport-aroma-spielzeughundewelt","8":"first","9":"instock","10":"taxable","11":"shipping-taxable","12":"purchasable","13":"product-type-simple"},"_links":{"self":[{"href":"https:\/\/all-pets.de\/shop\/wp-json\/wp\/v2\/product\/50964","targetHints":{"allow":["GET"]}}],"collection":[{"href":"https:\/\/all-pets.de\/shop\/wp-json\/wp\/v2\/product"}],"about":[{"href":"https:\/\/all-pets.de\/shop\/wp-json\/wp\/v2\/types\/product"}],"replies":[{"embeddable":true,"href":"https:\/\/all-pets.de\/shop\/wp-json\/wp\/v2\/comments?post=50964"}],"wp:featuredmedia":[{"embeddable":true,"href":"https:\/\/all-pets.de\/shop\/wp-json\/wp\/v2\/media\/16030"}],"wp:attachment":[{"href":"https:\/\/all-pets.de\/shop\/wp-json\/wp\/v2\/media?parent=50964"}],"wp:term":[{"taxonomy":"product_cat","embeddable":true,"href":"https:\/\/all-pets.de\/shop\/wp-json\/wp\/v2\/product_cat?post=50964"},{"taxonomy":"product_tag","embeddable":true,"href":"https:\/\/all-pets.de\/shop\/wp-json\/wp\/v2\/product_tag?post=50964"}],"curies":[{"name":"wp","href":"https:\/\/api.w.org\/{rel}","templated":true}]}}