{"id":50972,"date":"2023-12-12T12:37:08","date_gmt":"2023-12-12T11:37:08","guid":{"rendered":"https:\/\/pet-shopping.de\/shop\/produkt\/trixie-be-nordic-keramiknapf-fuer-hunde-taupe-12l\/"},"modified":"2023-12-12T12:37:10","modified_gmt":"2023-12-12T11:37:10","slug":"trixie-be-nordic-keramiknapf-fuer-hunde-taupe-12l","status":"publish","type":"product","link":"https:\/\/all-pets.de\/shop\/produkt\/trixie-be-nordic-keramiknapf-fuer-hunde-taupe-12l\/","title":{"rendered":"Trixie BE NORDIC Keramiknapf f\u00fcr Hunde &#8211; taupe\/1,2l"},"content":{"rendered":"<ul>\n<li>rutschfest durch Gummiring<\/li>\n<li>Sp\u00fclmaschinengeeignet (vor dem Sp\u00fclgang bitte Gummielemente entfernen)<\/li>\n<li>Ma\u00dfe: ca. 1,2 l\/\u00f8 18 cm<\/li>\n<li>Farbe: taupe<\/li>\n<\/ul>\n<div class=\"infotextWrap\">Aus dem Verkauf der Serie unterst\u00fctzt TRIXIE Meeresschutzprojekte und leistet damit einen Beitrag zum Natur- und Artenschutz.<\/div><\/p>\n","protected":false},"excerpt":{"rendered":"<p>rutschfest durch Gummiring Sp\u00fclmaschinengeeignet (vor dem Sp\u00fclgang bitte Gummielemente entfernen) Ma\u00dfe: ca. 1,2 l\/\u00f8 18 cm Farbe: taupe Aus dem Verkauf der Serie unterst\u00fctzt TRIXIE Meeresschutzprojekte und leistet damit einen Beitrag zum Natur- und Artenschutz.<\/p>\n","protected":false},"featured_media":50973,"comment_status":"closed","ping_status":"open","template":"","meta":[],"product_cat":[15460],"product_tag":[],"class_list":{"0":"post-50972","1":"product","2":"type-product","3":"status-publish","4":"has-post-thumbnail","6":"product_cat-futter-wassernaepfe-hundenaepfe-traenken-neue-hundeartikelhundewelt","8":"first","9":"instock","10":"taxable","11":"shipping-taxable","12":"purchasable","13":"product-type-simple"},"_links":{"self":[{"href":"https:\/\/all-pets.de\/shop\/wp-json\/wp\/v2\/product\/50972","targetHints":{"allow":["GET"]}}],"collection":[{"href":"https:\/\/all-pets.de\/shop\/wp-json\/wp\/v2\/product"}],"about":[{"href":"https:\/\/all-pets.de\/shop\/wp-json\/wp\/v2\/types\/product"}],"replies":[{"embeddable":true,"href":"https:\/\/all-pets.de\/shop\/wp-json\/wp\/v2\/comments?post=50972"}],"wp:featuredmedia":[{"embeddable":true,"href":"https:\/\/all-pets.de\/shop\/wp-json\/wp\/v2\/media\/50973"}],"wp:attachment":[{"href":"https:\/\/all-pets.de\/shop\/wp-json\/wp\/v2\/media?parent=50972"}],"wp:term":[{"taxonomy":"product_cat","embeddable":true,"href":"https:\/\/all-pets.de\/shop\/wp-json\/wp\/v2\/product_cat?post=50972"},{"taxonomy":"product_tag","embeddable":true,"href":"https:\/\/all-pets.de\/shop\/wp-json\/wp\/v2\/product_tag?post=50972"}],"curies":[{"name":"wp","href":"https:\/\/api.w.org\/{rel}","templated":true}]}}