{"id":50990,"date":"2023-12-12T12:37:14","date_gmt":"2023-12-12T11:37:14","guid":{"rendered":"https:\/\/pet-shopping.de\/shop\/produkt\/karlie-flamingo-professional-soft-zupfbuerste-beidseitig-breit\/"},"modified":"2023-12-12T12:37:14","modified_gmt":"2023-12-12T11:37:14","slug":"karlie-flamingo-professional-soft-zupfbuerste-beidseitig-breit","status":"publish","type":"product","link":"https:\/\/all-pets.de\/shop\/produkt\/karlie-flamingo-professional-soft-zupfbuerste-beidseitig-breit\/","title":{"rendered":"Karlie Flamingo Professional Soft-Zupfb\u00fcrste beidseitig &#8211; Breit"},"content":{"rendered":"<p>Die Professional Soft-Zupfb\u00fcrste beidseitig von Karlie Flamingo ist auf der Vorderseite mit geraden und auf der R\u00fcckseite mit gebogenen Metallborsten best\u00fcckt. <\/p>\n<p>Die extra weichen und flexiblen Metallborsten eignen sich ideal zum schonenden Entfernen von Staub, Schmutz, sowie losen Haaren und Unterwolle.<\/p>\n<p>Die B\u00fcrste ist mit einem ergonomisch geformten Anti-Rutsch- Softgriff ausgestattet und ist somit das ideale Equipment, um bei Ihrem Hund f\u00fcr eine optimale Fellpflege zu sorgen.<\/p>\n<p>Farbe: Rot-Schwarz<br \/> Ma\u00dfe: ca. 20 x 9,5 x 4,5 cm (LxBxH)<\/p>\n","protected":false},"excerpt":{"rendered":"<p>Die Professional Soft-Zupfb\u00fcrste beidseitig von Karlie Flamingo ist auf der Vorderseite mit geraden und auf der R\u00fcckseite mit gebogenen Metallborsten best\u00fcckt. Die extra weichen und flexiblen Metallborsten eignen sich ideal zum schonenden Entfernen von Staub, Schmutz, sowie losen Haaren und Unterwolle. Die B\u00fcrste ist mit einem ergonomisch geformten Anti-Rutsch- Softgriff ausgestattet und ist somit das [&hellip;]<\/p>\n","protected":false},"featured_media":16240,"comment_status":"closed","ping_status":"open","template":"","meta":[],"product_cat":[14112],"product_tag":[],"class_list":{"0":"post-50990","1":"product","2":"type-product","3":"status-publish","4":"has-post-thumbnail","6":"product_cat-hundebuersten-striegel-fellpflege-pflege-gesundheit-hundewelt","8":"first","9":"instock","10":"taxable","11":"shipping-taxable","12":"purchasable","13":"product-type-simple"},"_links":{"self":[{"href":"https:\/\/all-pets.de\/shop\/wp-json\/wp\/v2\/product\/50990","targetHints":{"allow":["GET"]}}],"collection":[{"href":"https:\/\/all-pets.de\/shop\/wp-json\/wp\/v2\/product"}],"about":[{"href":"https:\/\/all-pets.de\/shop\/wp-json\/wp\/v2\/types\/product"}],"replies":[{"embeddable":true,"href":"https:\/\/all-pets.de\/shop\/wp-json\/wp\/v2\/comments?post=50990"}],"wp:featuredmedia":[{"embeddable":true,"href":"https:\/\/all-pets.de\/shop\/wp-json\/wp\/v2\/media\/16240"}],"wp:attachment":[{"href":"https:\/\/all-pets.de\/shop\/wp-json\/wp\/v2\/media?parent=50990"}],"wp:term":[{"taxonomy":"product_cat","embeddable":true,"href":"https:\/\/all-pets.de\/shop\/wp-json\/wp\/v2\/product_cat?post=50990"},{"taxonomy":"product_tag","embeddable":true,"href":"https:\/\/all-pets.de\/shop\/wp-json\/wp\/v2\/product_tag?post=50990"}],"curies":[{"name":"wp","href":"https:\/\/api.w.org\/{rel}","templated":true}]}}