{"id":50994,"date":"2023-12-12T12:37:14","date_gmt":"2023-12-12T11:37:14","guid":{"rendered":"https:\/\/pet-shopping.de\/shop\/produkt\/karlie-flamingo-professional-soft-zupfbuerste-xl\/"},"modified":"2023-12-12T12:37:14","modified_gmt":"2023-12-12T11:37:14","slug":"karlie-flamingo-professional-soft-zupfbuerste-xl","status":"publish","type":"product","link":"https:\/\/all-pets.de\/shop\/produkt\/karlie-flamingo-professional-soft-zupfbuerste-xl\/","title":{"rendered":"Karlie Flamingo Professional Soft-Zupfb\u00fcrste &#8211; XL"},"content":{"rendered":"<p>Die Professional Soft-Zupfb\u00fcrste von Karlie Flamingo ist mit extra weichen und flexiblen Borsten best\u00fcckt und eignet sich ideal zum schonenden Entfernen von Staub, Schmutz, sowie losen Haaren und Unterwolle.<\/p>\n<p>Die B\u00fcrste ist mit einem ergonomisch geformten Anti-Rutsch-Softgriff ausgestattet und ist somit das ideale Equipment, um bei Ihrem Hund f\u00fcr eine optimale Fellpflege zu sorgen.<\/p>\n<p>Farbe: Rot-Schwarz<br \/> Ma\u00dfe: ca. 20 x 12 x 4,5 cm (LxBxH)<\/p>\n","protected":false},"excerpt":{"rendered":"<p>Die Professional Soft-Zupfb\u00fcrste von Karlie Flamingo ist mit extra weichen und flexiblen Borsten best\u00fcckt und eignet sich ideal zum schonenden Entfernen von Staub, Schmutz, sowie losen Haaren und Unterwolle. Die B\u00fcrste ist mit einem ergonomisch geformten Anti-Rutsch-Softgriff ausgestattet und ist somit das ideale Equipment, um bei Ihrem Hund f\u00fcr eine optimale Fellpflege zu sorgen. Farbe: [&hellip;]<\/p>\n","protected":false},"featured_media":16248,"comment_status":"closed","ping_status":"open","template":"","meta":[],"product_cat":[14112],"product_tag":[],"class_list":{"0":"post-50994","1":"product","2":"type-product","3":"status-publish","4":"has-post-thumbnail","6":"product_cat-hundebuersten-striegel-fellpflege-pflege-gesundheit-hundewelt","8":"first","9":"instock","10":"taxable","11":"shipping-taxable","12":"purchasable","13":"product-type-simple"},"_links":{"self":[{"href":"https:\/\/all-pets.de\/shop\/wp-json\/wp\/v2\/product\/50994","targetHints":{"allow":["GET"]}}],"collection":[{"href":"https:\/\/all-pets.de\/shop\/wp-json\/wp\/v2\/product"}],"about":[{"href":"https:\/\/all-pets.de\/shop\/wp-json\/wp\/v2\/types\/product"}],"replies":[{"embeddable":true,"href":"https:\/\/all-pets.de\/shop\/wp-json\/wp\/v2\/comments?post=50994"}],"wp:featuredmedia":[{"embeddable":true,"href":"https:\/\/all-pets.de\/shop\/wp-json\/wp\/v2\/media\/16248"}],"wp:attachment":[{"href":"https:\/\/all-pets.de\/shop\/wp-json\/wp\/v2\/media?parent=50994"}],"wp:term":[{"taxonomy":"product_cat","embeddable":true,"href":"https:\/\/all-pets.de\/shop\/wp-json\/wp\/v2\/product_cat?post=50994"},{"taxonomy":"product_tag","embeddable":true,"href":"https:\/\/all-pets.de\/shop\/wp-json\/wp\/v2\/product_tag?post=50994"}],"curies":[{"name":"wp","href":"https:\/\/api.w.org\/{rel}","templated":true}]}}